{"id":21,"date":"2022-05-20T06:36:41","date_gmt":"2022-05-20T04:36:41","guid":{"rendered":"https:\/\/ww7.inapp.org\/accreditamento\/?p=7619"},"modified":"2022-09-29T11:38:13","modified_gmt":"2022-09-29T09:38:13","slug":"campania","status":"publish","type":"page","link":"https:\/\/intest.inapp.org\/accreditamento\/dispositivi-di-accreditamento\/campania\/","title":{"rendered":"Campania"},"content":{"rendered":"\n<p>La normativa regionale, modificata nel 2022, disciplina l\u2019accreditamento per la formazione professionale.<\/p>\n\n\n\n<p>Di seguito le principali caratteristiche del sistema regionale:<\/p>\n\n\n\n<ul><li>Sono previste due macrotipologie di accreditamento per la formazione, denominate Sezioni. La Sezione A riguarda l\u2019offerta formativa finalizzata a qualificazione, specializzazione professionale, formazione permanente, formazione abilitante, istruzione e formazione tecnica superiore e alta formazione; la Sezione B riguarda l\u2019offerta formativa finalizzata ai percorsi del sistema di istruzione e formazione professionale (IeFP) regionale.<\/li><li>L\u2019accreditamento \u00e8 richiesto anche per i corsi riconosciuti.<\/li><li>Il modello operativo prevede un sistema di rating e premialit\u00e0 per i soggetti accreditati, per valutarne l\u2019affidabilit\u00e0 e la qualit\u00e0 dei servizi. Il sistema consente sia l\u2019assegnazione di finanziamenti in relazione alla qualit\u00e0 delle prestazioni, sia l\u2019informazione e l\u2019orientamento della libera scelta degli utenti.&nbsp; Il modello valuta i servizi in termini di efficacia dei risultati, affidabilit\u00e0 nella gestione e capacit\u00e0 di introdurre innovazione, di promuovere il superamento di inefficienze gestionali e di risultato e di favorire comportamenti virtuosi (ad es. sedi in localit\u00e0 disagiate, partenariati). Il rating \u00e8 aggiornato annualmente in relazione alle attivit\u00e0 svolte nel corso dell\u2019anno solare precedente<\/li><li>Per ottenere l\u2019accreditamento l\u2019agenzia formativa deve essere dotata di un Sistema di gestione della qualit\u00e0 certificato in ambito dei servizi per la formazione professionale.<\/li><\/ul>\n\n\n\n<figure class=\"wp-block-table\"><table><tbody><tr><td><strong>Provvedimento<\/strong><\/td><td><strong>Oggetto<\/strong><\/td><\/tr><tr><td>Delibera di Giunta Regionale n. 136 del 22\/03\/2022<\/td><td><a href=\"\/accreditamento\/wp-content\/uploads\/sites\/4\/2022\/09\/3_Campania_DGR_136_del_22.3.22_approvazione-linee-guida-accreditamento.pdf\">Approvazione<\/a> delle Linee guida per <a href=\"\/accreditamento\/wp-content\/uploads\/sites\/4\/2022\/09\/4_Campania_DGR_136_del_22.3.22_linee-guida-accreditamento.pdf\">l\u2019accreditamento<\/a>, dei <a href=\"\/accreditamento\/wp-content\/uploads\/sites\/4\/2022\/09\/5_Campania_DGR_136_del_22.3.22_Allegato-A_requisiti-formazione-superiore-e-continua.pdf\">Requisiti per la formazione finalizzata a qualificazione, specializzazione professionale, formazione permanente, formazione abilitante, IFTS e alta formazione<\/a>, dei <a href=\"\/accreditamento\/wp-content\/uploads\/sites\/4\/2022\/09\/6_Campania_DGR_136_del_22.3.22_Allegato-B_requisiti-IeFP.pdf\">Requisiti per la IeFP<\/a>, del <a href=\"\/accreditamento\/wp-content\/uploads\/sites\/4\/2022\/09\/7_Campania_DGR_136_del_22.3.22_Allegato-C_modello-di-rating-e-premialita.pdf\">modello di rating e premialit\u00e0<\/a>.<\/td><\/tr><\/tbody><\/table><\/figure>\n","protected":false},"excerpt":{"rendered":"<p>La normativa regionale, modificata nel 2022, disciplina l\u2019accreditamento per la formazione professionale. Di seguito le principali caratteristiche del sistema regionale: Sono previste due macrotipologie di accreditamento per la formazione, denominate Sezioni. La Sezione A riguarda l\u2019offerta formativa finalizzata a qualificazione, specializzazione professionale, formazione permanente, formazione abilitante, istruzione e formazione tecnica superiore e alta formazione; la [&hellip;]<\/p>\n","protected":false},"author":1,"featured_media":0,"parent":2,"menu_order":0,"comment_status":"closed","ping_status":"closed","template":"dispositivi.php","meta":{"footnotes":""},"acf":[],"yoast_head":"<!-- This site is optimized with the Yoast SEO plugin v21.1 - https:\/\/yoast.com\/wordpress\/plugins\/seo\/ -->\n<title>Campania - Portale accreditamento<\/title>\n<meta name=\"robots\" content=\"index, follow, max-snippet:-1, max-image-preview:large, max-video-preview:-1\" \/>\n<link rel=\"canonical\" href=\"https:\/\/intest.inapp.org\/accreditamento\/dispositivi-di-accreditamento\/campania\/\" \/>\n<meta property=\"og:locale\" content=\"it_IT\" \/>\n<meta property=\"og:type\" content=\"article\" \/>\n<meta property=\"og:title\" content=\"Campania - Portale accreditamento\" \/>\n<meta property=\"og:description\" content=\"La normativa regionale, modificata nel 2022, disciplina l\u2019accreditamento per la formazione professionale. Di seguito le principali caratteristiche del sistema regionale: Sono previste due macrotipologie di accreditamento per la formazione, denominate Sezioni. La Sezione A riguarda l\u2019offerta formativa finalizzata a qualificazione, specializzazione professionale, formazione permanente, formazione abilitante, istruzione e formazione tecnica superiore e alta formazione; la [&hellip;]\" \/>\n<meta property=\"og:url\" content=\"https:\/\/intest.inapp.org\/accreditamento\/dispositivi-di-accreditamento\/campania\/\" \/>\n<meta property=\"og:site_name\" content=\"Portale accreditamento\" \/>\n<meta property=\"article:modified_time\" content=\"2022-09-29T09:38:13+00:00\" \/>\n<meta name=\"twitter:card\" content=\"summary_large_image\" \/>\n<meta name=\"twitter:label1\" content=\"Tempo di lettura stimato\" \/>\n\t<meta name=\"twitter:data1\" content=\"1 minuto\" \/>\n<script type=\"application\/ld+json\" class=\"yoast-schema-graph\">{\"@context\":\"https:\/\/schema.org\",\"@graph\":[{\"@type\":\"WebPage\",\"@id\":\"https:\/\/intest.inapp.org\/accreditamento\/dispositivi-di-accreditamento\/campania\/\",\"url\":\"https:\/\/intest.inapp.org\/accreditamento\/dispositivi-di-accreditamento\/campania\/\",\"name\":\"Campania - Portale accreditamento\",\"isPartOf\":{\"@id\":\"https:\/\/intest.inapp.org\/accreditamento\/#website\"},\"datePublished\":\"2022-05-20T04:36:41+00:00\",\"dateModified\":\"2022-09-29T09:38:13+00:00\",\"breadcrumb\":{\"@id\":\"https:\/\/intest.inapp.org\/accreditamento\/dispositivi-di-accreditamento\/campania\/#breadcrumb\"},\"inLanguage\":\"it-IT\",\"potentialAction\":[{\"@type\":\"ReadAction\",\"target\":[\"https:\/\/intest.inapp.org\/accreditamento\/dispositivi-di-accreditamento\/campania\/\"]}]},{\"@type\":\"BreadcrumbList\",\"@id\":\"https:\/\/intest.inapp.org\/accreditamento\/dispositivi-di-accreditamento\/campania\/#breadcrumb\",\"itemListElement\":[{\"@type\":\"ListItem\",\"position\":1,\"name\":\"Home\",\"item\":\"https:\/\/intest.inapp.org\/accreditamento\/\"},{\"@type\":\"ListItem\",\"position\":2,\"name\":\"Dispositivi di accreditamento\",\"item\":\"https:\/\/intest.inapp.org\/accreditamento\/dispositivi-di-accreditamento\/\"},{\"@type\":\"ListItem\",\"position\":3,\"name\":\"Campania\"}]},{\"@type\":\"WebSite\",\"@id\":\"https:\/\/intest.inapp.org\/accreditamento\/#website\",\"url\":\"https:\/\/intest.inapp.org\/accreditamento\/\",\"name\":\"Portale accreditamento\",\"description\":\"Ecco un altro sito INAPP siti\",\"publisher\":{\"@id\":\"https:\/\/intest.inapp.org\/accreditamento\/#organization\"},\"potentialAction\":[{\"@type\":\"SearchAction\",\"target\":{\"@type\":\"EntryPoint\",\"urlTemplate\":\"https:\/\/intest.inapp.org\/accreditamento\/?s={search_term_string}\"},\"query-input\":\"required name=search_term_string\"}],\"inLanguage\":\"it-IT\"},{\"@type\":\"Organization\",\"@id\":\"https:\/\/intest.inapp.org\/accreditamento\/#organization\",\"name\":\"Portale accreditamento\",\"url\":\"https:\/\/intest.inapp.org\/accreditamento\/\",\"logo\":{\"@type\":\"ImageObject\",\"inLanguage\":\"it-IT\",\"@id\":\"https:\/\/intest.inapp.org\/accreditamento\/#\/schema\/logo\/image\/\",\"url\":\"https:\/\/intest.inapp.org\/accreditamento\/wp-content\/uploads\/sites\/4\/2022\/04\/cropped-Inapp_accreditamento_logo_white_270322_E.png\",\"contentUrl\":\"https:\/\/intest.inapp.org\/accreditamento\/wp-content\/uploads\/sites\/4\/2022\/04\/cropped-Inapp_accreditamento_logo_white_270322_E.png\",\"width\":635,\"height\":67,\"caption\":\"Portale accreditamento\"},\"image\":{\"@id\":\"https:\/\/intest.inapp.org\/accreditamento\/#\/schema\/logo\/image\/\"}}]}<\/script>\n<!-- \/ Yoast SEO plugin. -->","yoast_head_json":{"title":"Campania - Portale accreditamento","robots":{"index":"index","follow":"follow","max-snippet":"max-snippet:-1","max-image-preview":"max-image-preview:large","max-video-preview":"max-video-preview:-1"},"canonical":"https:\/\/intest.inapp.org\/accreditamento\/dispositivi-di-accreditamento\/campania\/","og_locale":"it_IT","og_type":"article","og_title":"Campania - Portale accreditamento","og_description":"La normativa regionale, modificata nel 2022, disciplina l\u2019accreditamento per la formazione professionale. Di seguito le principali caratteristiche del sistema regionale: Sono previste due macrotipologie di accreditamento per la formazione, denominate Sezioni. La Sezione A riguarda l\u2019offerta formativa finalizzata a qualificazione, specializzazione professionale, formazione permanente, formazione abilitante, istruzione e formazione tecnica superiore e alta formazione; la [&hellip;]","og_url":"https:\/\/intest.inapp.org\/accreditamento\/dispositivi-di-accreditamento\/campania\/","og_site_name":"Portale accreditamento","article_modified_time":"2022-09-29T09:38:13+00:00","twitter_card":"summary_large_image","twitter_misc":{"Tempo di lettura stimato":"1 minuto"},"schema":{"@context":"https:\/\/schema.org","@graph":[{"@type":"WebPage","@id":"https:\/\/intest.inapp.org\/accreditamento\/dispositivi-di-accreditamento\/campania\/","url":"https:\/\/intest.inapp.org\/accreditamento\/dispositivi-di-accreditamento\/campania\/","name":"Campania - Portale accreditamento","isPartOf":{"@id":"https:\/\/intest.inapp.org\/accreditamento\/#website"},"datePublished":"2022-05-20T04:36:41+00:00","dateModified":"2022-09-29T09:38:13+00:00","breadcrumb":{"@id":"https:\/\/intest.inapp.org\/accreditamento\/dispositivi-di-accreditamento\/campania\/#breadcrumb"},"inLanguage":"it-IT","potentialAction":[{"@type":"ReadAction","target":["https:\/\/intest.inapp.org\/accreditamento\/dispositivi-di-accreditamento\/campania\/"]}]},{"@type":"BreadcrumbList","@id":"https:\/\/intest.inapp.org\/accreditamento\/dispositivi-di-accreditamento\/campania\/#breadcrumb","itemListElement":[{"@type":"ListItem","position":1,"name":"Home","item":"https:\/\/intest.inapp.org\/accreditamento\/"},{"@type":"ListItem","position":2,"name":"Dispositivi di accreditamento","item":"https:\/\/intest.inapp.org\/accreditamento\/dispositivi-di-accreditamento\/"},{"@type":"ListItem","position":3,"name":"Campania"}]},{"@type":"WebSite","@id":"https:\/\/intest.inapp.org\/accreditamento\/#website","url":"https:\/\/intest.inapp.org\/accreditamento\/","name":"Portale accreditamento","description":"Ecco un altro sito INAPP siti","publisher":{"@id":"https:\/\/intest.inapp.org\/accreditamento\/#organization"},"potentialAction":[{"@type":"SearchAction","target":{"@type":"EntryPoint","urlTemplate":"https:\/\/intest.inapp.org\/accreditamento\/?s={search_term_string}"},"query-input":"required name=search_term_string"}],"inLanguage":"it-IT"},{"@type":"Organization","@id":"https:\/\/intest.inapp.org\/accreditamento\/#organization","name":"Portale accreditamento","url":"https:\/\/intest.inapp.org\/accreditamento\/","logo":{"@type":"ImageObject","inLanguage":"it-IT","@id":"https:\/\/intest.inapp.org\/accreditamento\/#\/schema\/logo\/image\/","url":"https:\/\/intest.inapp.org\/accreditamento\/wp-content\/uploads\/sites\/4\/2022\/04\/cropped-Inapp_accreditamento_logo_white_270322_E.png","contentUrl":"https:\/\/intest.inapp.org\/accreditamento\/wp-content\/uploads\/sites\/4\/2022\/04\/cropped-Inapp_accreditamento_logo_white_270322_E.png","width":635,"height":67,"caption":"Portale accreditamento"},"image":{"@id":"https:\/\/intest.inapp.org\/accreditamento\/#\/schema\/logo\/image\/"}}]}},"_links":{"self":[{"href":"https:\/\/intest.inapp.org\/accreditamento\/wp-json\/wp\/v2\/pages\/21"}],"collection":[{"href":"https:\/\/intest.inapp.org\/accreditamento\/wp-json\/wp\/v2\/pages"}],"about":[{"href":"https:\/\/intest.inapp.org\/accreditamento\/wp-json\/wp\/v2\/types\/page"}],"author":[{"embeddable":true,"href":"https:\/\/intest.inapp.org\/accreditamento\/wp-json\/wp\/v2\/users\/1"}],"replies":[{"embeddable":true,"href":"https:\/\/intest.inapp.org\/accreditamento\/wp-json\/wp\/v2\/comments?post=21"}],"version-history":[{"count":3,"href":"https:\/\/intest.inapp.org\/accreditamento\/wp-json\/wp\/v2\/pages\/21\/revisions"}],"predecessor-version":[{"id":30493,"href":"https:\/\/intest.inapp.org\/accreditamento\/wp-json\/wp\/v2\/pages\/21\/revisions\/30493"}],"up":[{"embeddable":true,"href":"https:\/\/intest.inapp.org\/accreditamento\/wp-json\/wp\/v2\/pages\/2"}],"wp:attachment":[{"href":"https:\/\/intest.inapp.org\/accreditamento\/wp-json\/wp\/v2\/media?parent=21"}],"curies":[{"name":"wp","href":"https:\/\/api.w.org\/{rel}","templated":true}]}}