{"id":37,"date":"2022-05-20T06:41:53","date_gmt":"2022-05-20T04:41:53","guid":{"rendered":"https:\/\/ww7.inapp.org\/accreditamento\/?p=7619"},"modified":"2023-03-22T12:05:21","modified_gmt":"2023-03-22T11:05:21","slug":"emilia-romagna","status":"publish","type":"page","link":"https:\/\/intest.inapp.org\/accreditamento\/dispositivi-di-accreditamento\/emilia-romagna\/","title":{"rendered":"Emilia Romagna"},"content":{"rendered":"\n<p>La Regione ha aggiornato il proprio dispositivo con la Delibera di Giunta Regionale n. 201 del 21\/02\/2022 relativa ai criteri e ai requisiti per l\u2019accreditamento degli organismi che erogano formazione professionale in Emilia-Romagna.&nbsp;<\/p>\n\n\n\n<p>Di seguito le principali caratteristiche del sistema regionale:<\/p>\n\n\n\n<ul>\n<li>L\u2019oggetto dell\u2019accreditamento \u00e8 l\u2019organismo, che deve disporre di almeno una sede operativa sul territorio regionale, ad uso esclusivo.<\/li>\n\n\n\n<li>L\u2019accreditamento abilita l\u2019organismo allo svolgimento di attivit\u00e0 formative diverse che fanno riferimento ad ambiti cos\u00ec definiti: Istruzione e formazione professionale; Formazione superiore e di livello equivalente; Formazione per l\u2019accesso all\u2019occupazione, continua e permanente.&nbsp; Nell\u2019ambito \u201cFormazione per l\u2019accesso all\u2019occupazione, continua e permanente\u201d, gli organismi possono svolgere attivit\u00e0 rivolte a persone in condizioni di svantaggio, fragili, vulnerabili e con disabilit\u00e0, purch\u00e9 in possesso di specifici requisiti aggiuntivi.&nbsp;&nbsp;<\/li>\n\n\n\n<li>A tutti gli organismi, indipendentemente dall\u2019ambito di accreditamento, \u00e8 richiesta la disponibilit\u00e0 di laboratori, strumentazioni, piattaforme per l\u2019erogazione e la fruizione di formazione a distanza.<\/li>\n\n\n\n<li>L\u2019organismo che richiede l\u2019accreditamento deve provare di aver maturato un&#8217;esperienza almeno biennale nell&#8217;attivit\u00e0 di progettazione e realizzazione di interventi formativi a propria titolarit\u00e0, in forma prevalente; l\u2019esperienza biennale deve essere documentata negli ultimi cinque anni e comunque almeno un\u2019annualit\u00e0 deve fare riferimento all\u2019ultimo bilancio approvato.<\/li>\n\n\n\n<li>L\u2019organismo che richiede l\u2019accreditamento deve dimostrare di avere concluso, o almeno avviato, il percorso di certificazione del sistema di gestione per qualit\u00e0 UNI EN ISO-9001 nel settore EA37, con riferimento all\u2019attivit\u00e0 formativa; la certificazione di qualit\u00e0 deve essere ottenuta entro 18 mesi dalla presentazione della domanda di accreditamento, ai fini del mantenimento dello stesso.<\/li>\n<\/ul>\n\n\n\n<p>Per quanto riguarda il processo di validazione e certificazione delle competenze: ogni organismo accreditato deve disporre di un esperto a presidio dei processi di formalizzazione delle competenze e dei processi di certificazione delle competenze.<\/p>\n\n\n\n<figure class=\"wp-block-table\"><table><tbody><tr><td><strong>Provvedimento<\/strong><\/td><td><strong>Oggetto<\/strong><\/td><\/tr><tr><td>Delibera di Giunta regionale n. 201 del 21\/02\/2022<\/td><td>Approvazione dei\u00a0<a href=\"https:\/\/www.inapp.gov.it\/accreditamento\/wp-content\/uploads\/sites\/4\/2023\/03\/18_ER_DGR_201_del-21.2.22_Nuova-disciplina-criteri-e-requisiti-accreditamento-.pdf\">Criteri e requisiti per l\u2019accreditamento degli organismi che erogano formazione professionale in Emilia-Romagna<\/a><\/td><\/tr><tr><td>Determinazione dirigenziale n. 25174 del 22\/12\/2022<\/td><td>Approvazione\u00a0<a href=\"https:\/\/www.inapp.gov.it\/accreditamento\/wp-content\/uploads\/sites\/4\/2023\/03\/19_ER_Determina_25174-del-22.12.2022-approvazione-modulistica.pdf\">disposizione attuative e modulistica per l\u2019accreditamento<\/a><\/td><\/tr><\/tbody><\/table><\/figure>\n","protected":false},"excerpt":{"rendered":"<p>La Regione ha aggiornato il proprio dispositivo con la Delibera di Giunta Regionale n. 201 del 21\/02\/2022 relativa ai criteri e ai requisiti per l\u2019accreditamento degli organismi che erogano formazione professionale in Emilia-Romagna.&nbsp; Di seguito le principali caratteristiche del sistema regionale: Per quanto riguarda il processo di validazione e certificazione delle competenze: ogni organismo accreditato [&hellip;]<\/p>\n","protected":false},"author":1,"featured_media":0,"parent":2,"menu_order":0,"comment_status":"closed","ping_status":"closed","template":"dispositivi.php","meta":{"footnotes":""},"acf":[],"yoast_head":"<!-- This site is optimized with the Yoast SEO plugin v21.1 - https:\/\/yoast.com\/wordpress\/plugins\/seo\/ -->\n<title>Emilia Romagna - Portale accreditamento<\/title>\n<meta name=\"robots\" content=\"index, follow, max-snippet:-1, max-image-preview:large, max-video-preview:-1\" \/>\n<link rel=\"canonical\" href=\"https:\/\/intest.inapp.org\/accreditamento\/dispositivi-di-accreditamento\/emilia-romagna\/\" \/>\n<meta property=\"og:locale\" content=\"it_IT\" \/>\n<meta property=\"og:type\" content=\"article\" \/>\n<meta property=\"og:title\" content=\"Emilia Romagna - Portale accreditamento\" \/>\n<meta property=\"og:description\" content=\"La Regione ha aggiornato il proprio dispositivo con la Delibera di Giunta Regionale n. 201 del 21\/02\/2022 relativa ai criteri e ai requisiti per l\u2019accreditamento degli organismi che erogano formazione professionale in Emilia-Romagna.&nbsp; Di seguito le principali caratteristiche del sistema regionale: Per quanto riguarda il processo di validazione e certificazione delle competenze: ogni organismo accreditato [&hellip;]\" \/>\n<meta property=\"og:url\" content=\"https:\/\/intest.inapp.org\/accreditamento\/dispositivi-di-accreditamento\/emilia-romagna\/\" \/>\n<meta property=\"og:site_name\" content=\"Portale accreditamento\" \/>\n<meta property=\"article:modified_time\" content=\"2023-03-22T11:05:21+00:00\" \/>\n<meta name=\"twitter:card\" content=\"summary_large_image\" \/>\n<meta name=\"twitter:label1\" content=\"Tempo di lettura stimato\" \/>\n\t<meta name=\"twitter:data1\" content=\"2 minuti\" \/>\n<script type=\"application\/ld+json\" class=\"yoast-schema-graph\">{\"@context\":\"https:\/\/schema.org\",\"@graph\":[{\"@type\":\"WebPage\",\"@id\":\"https:\/\/intest.inapp.org\/accreditamento\/dispositivi-di-accreditamento\/emilia-romagna\/\",\"url\":\"https:\/\/intest.inapp.org\/accreditamento\/dispositivi-di-accreditamento\/emilia-romagna\/\",\"name\":\"Emilia Romagna - Portale accreditamento\",\"isPartOf\":{\"@id\":\"https:\/\/intest.inapp.org\/accreditamento\/#website\"},\"datePublished\":\"2022-05-20T04:41:53+00:00\",\"dateModified\":\"2023-03-22T11:05:21+00:00\",\"breadcrumb\":{\"@id\":\"https:\/\/intest.inapp.org\/accreditamento\/dispositivi-di-accreditamento\/emilia-romagna\/#breadcrumb\"},\"inLanguage\":\"it-IT\",\"potentialAction\":[{\"@type\":\"ReadAction\",\"target\":[\"https:\/\/intest.inapp.org\/accreditamento\/dispositivi-di-accreditamento\/emilia-romagna\/\"]}]},{\"@type\":\"BreadcrumbList\",\"@id\":\"https:\/\/intest.inapp.org\/accreditamento\/dispositivi-di-accreditamento\/emilia-romagna\/#breadcrumb\",\"itemListElement\":[{\"@type\":\"ListItem\",\"position\":1,\"name\":\"Home\",\"item\":\"https:\/\/intest.inapp.org\/accreditamento\/\"},{\"@type\":\"ListItem\",\"position\":2,\"name\":\"Dispositivi di accreditamento\",\"item\":\"https:\/\/intest.inapp.org\/accreditamento\/dispositivi-di-accreditamento\/\"},{\"@type\":\"ListItem\",\"position\":3,\"name\":\"Emilia Romagna\"}]},{\"@type\":\"WebSite\",\"@id\":\"https:\/\/intest.inapp.org\/accreditamento\/#website\",\"url\":\"https:\/\/intest.inapp.org\/accreditamento\/\",\"name\":\"Portale accreditamento\",\"description\":\"Ecco un altro sito INAPP siti\",\"publisher\":{\"@id\":\"https:\/\/intest.inapp.org\/accreditamento\/#organization\"},\"potentialAction\":[{\"@type\":\"SearchAction\",\"target\":{\"@type\":\"EntryPoint\",\"urlTemplate\":\"https:\/\/intest.inapp.org\/accreditamento\/?s={search_term_string}\"},\"query-input\":\"required name=search_term_string\"}],\"inLanguage\":\"it-IT\"},{\"@type\":\"Organization\",\"@id\":\"https:\/\/intest.inapp.org\/accreditamento\/#organization\",\"name\":\"Portale accreditamento\",\"url\":\"https:\/\/intest.inapp.org\/accreditamento\/\",\"logo\":{\"@type\":\"ImageObject\",\"inLanguage\":\"it-IT\",\"@id\":\"https:\/\/intest.inapp.org\/accreditamento\/#\/schema\/logo\/image\/\",\"url\":\"https:\/\/intest.inapp.org\/accreditamento\/wp-content\/uploads\/sites\/4\/2022\/04\/cropped-Inapp_accreditamento_logo_white_270322_E.png\",\"contentUrl\":\"https:\/\/intest.inapp.org\/accreditamento\/wp-content\/uploads\/sites\/4\/2022\/04\/cropped-Inapp_accreditamento_logo_white_270322_E.png\",\"width\":635,\"height\":67,\"caption\":\"Portale accreditamento\"},\"image\":{\"@id\":\"https:\/\/intest.inapp.org\/accreditamento\/#\/schema\/logo\/image\/\"}}]}<\/script>\n<!-- \/ Yoast SEO plugin. -->","yoast_head_json":{"title":"Emilia Romagna - Portale accreditamento","robots":{"index":"index","follow":"follow","max-snippet":"max-snippet:-1","max-image-preview":"max-image-preview:large","max-video-preview":"max-video-preview:-1"},"canonical":"https:\/\/intest.inapp.org\/accreditamento\/dispositivi-di-accreditamento\/emilia-romagna\/","og_locale":"it_IT","og_type":"article","og_title":"Emilia Romagna - Portale accreditamento","og_description":"La Regione ha aggiornato il proprio dispositivo con la Delibera di Giunta Regionale n. 201 del 21\/02\/2022 relativa ai criteri e ai requisiti per l\u2019accreditamento degli organismi che erogano formazione professionale in Emilia-Romagna.&nbsp; Di seguito le principali caratteristiche del sistema regionale: Per quanto riguarda il processo di validazione e certificazione delle competenze: ogni organismo accreditato [&hellip;]","og_url":"https:\/\/intest.inapp.org\/accreditamento\/dispositivi-di-accreditamento\/emilia-romagna\/","og_site_name":"Portale accreditamento","article_modified_time":"2023-03-22T11:05:21+00:00","twitter_card":"summary_large_image","twitter_misc":{"Tempo di lettura stimato":"2 minuti"},"schema":{"@context":"https:\/\/schema.org","@graph":[{"@type":"WebPage","@id":"https:\/\/intest.inapp.org\/accreditamento\/dispositivi-di-accreditamento\/emilia-romagna\/","url":"https:\/\/intest.inapp.org\/accreditamento\/dispositivi-di-accreditamento\/emilia-romagna\/","name":"Emilia Romagna - Portale accreditamento","isPartOf":{"@id":"https:\/\/intest.inapp.org\/accreditamento\/#website"},"datePublished":"2022-05-20T04:41:53+00:00","dateModified":"2023-03-22T11:05:21+00:00","breadcrumb":{"@id":"https:\/\/intest.inapp.org\/accreditamento\/dispositivi-di-accreditamento\/emilia-romagna\/#breadcrumb"},"inLanguage":"it-IT","potentialAction":[{"@type":"ReadAction","target":["https:\/\/intest.inapp.org\/accreditamento\/dispositivi-di-accreditamento\/emilia-romagna\/"]}]},{"@type":"BreadcrumbList","@id":"https:\/\/intest.inapp.org\/accreditamento\/dispositivi-di-accreditamento\/emilia-romagna\/#breadcrumb","itemListElement":[{"@type":"ListItem","position":1,"name":"Home","item":"https:\/\/intest.inapp.org\/accreditamento\/"},{"@type":"ListItem","position":2,"name":"Dispositivi di accreditamento","item":"https:\/\/intest.inapp.org\/accreditamento\/dispositivi-di-accreditamento\/"},{"@type":"ListItem","position":3,"name":"Emilia Romagna"}]},{"@type":"WebSite","@id":"https:\/\/intest.inapp.org\/accreditamento\/#website","url":"https:\/\/intest.inapp.org\/accreditamento\/","name":"Portale accreditamento","description":"Ecco un altro sito INAPP siti","publisher":{"@id":"https:\/\/intest.inapp.org\/accreditamento\/#organization"},"potentialAction":[{"@type":"SearchAction","target":{"@type":"EntryPoint","urlTemplate":"https:\/\/intest.inapp.org\/accreditamento\/?s={search_term_string}"},"query-input":"required name=search_term_string"}],"inLanguage":"it-IT"},{"@type":"Organization","@id":"https:\/\/intest.inapp.org\/accreditamento\/#organization","name":"Portale accreditamento","url":"https:\/\/intest.inapp.org\/accreditamento\/","logo":{"@type":"ImageObject","inLanguage":"it-IT","@id":"https:\/\/intest.inapp.org\/accreditamento\/#\/schema\/logo\/image\/","url":"https:\/\/intest.inapp.org\/accreditamento\/wp-content\/uploads\/sites\/4\/2022\/04\/cropped-Inapp_accreditamento_logo_white_270322_E.png","contentUrl":"https:\/\/intest.inapp.org\/accreditamento\/wp-content\/uploads\/sites\/4\/2022\/04\/cropped-Inapp_accreditamento_logo_white_270322_E.png","width":635,"height":67,"caption":"Portale accreditamento"},"image":{"@id":"https:\/\/intest.inapp.org\/accreditamento\/#\/schema\/logo\/image\/"}}]}},"_links":{"self":[{"href":"https:\/\/intest.inapp.org\/accreditamento\/wp-json\/wp\/v2\/pages\/37"}],"collection":[{"href":"https:\/\/intest.inapp.org\/accreditamento\/wp-json\/wp\/v2\/pages"}],"about":[{"href":"https:\/\/intest.inapp.org\/accreditamento\/wp-json\/wp\/v2\/types\/page"}],"author":[{"embeddable":true,"href":"https:\/\/intest.inapp.org\/accreditamento\/wp-json\/wp\/v2\/users\/1"}],"replies":[{"embeddable":true,"href":"https:\/\/intest.inapp.org\/accreditamento\/wp-json\/wp\/v2\/comments?post=37"}],"version-history":[{"count":5,"href":"https:\/\/intest.inapp.org\/accreditamento\/wp-json\/wp\/v2\/pages\/37\/revisions"}],"predecessor-version":[{"id":30545,"href":"https:\/\/intest.inapp.org\/accreditamento\/wp-json\/wp\/v2\/pages\/37\/revisions\/30545"}],"up":[{"embeddable":true,"href":"https:\/\/intest.inapp.org\/accreditamento\/wp-json\/wp\/v2\/pages\/2"}],"wp:attachment":[{"href":"https:\/\/intest.inapp.org\/accreditamento\/wp-json\/wp\/v2\/media?parent=37"}],"curies":[{"name":"wp","href":"https:\/\/api.w.org\/{rel}","templated":true}]}}