{"id":40,"date":"2022-05-20T06:45:16","date_gmt":"2022-05-20T04:45:16","guid":{"rendered":"https:\/\/ww7.inapp.org\/accreditamento\/?p=7619"},"modified":"2022-09-29T12:01:01","modified_gmt":"2022-09-29T10:01:01","slug":"toscana","status":"publish","type":"page","link":"https:\/\/intest.inapp.org\/accreditamento\/dispositivi-di-accreditamento\/toscana\/","title":{"rendered":"Toscana"},"content":{"rendered":"\n<p>La regione Toscana nel corso degli ultimi anni ha completato il passaggio ad un sistema di accreditamento pi\u00f9 selettivo e qualificato. Il sistema disciplina l\u2019accreditamento per la formazione professionale attraverso l\u2019adozione di tre distinti disciplinari: quello per gli organismi che svolgono attivit\u00e0 di formazione; quello per le universit\u00e0, le istituzioni scolastiche e i centri provinciali per l\u2019istruzione degli adulti che svolgono attivit\u00e0 di formazione; quello per le botteghe scuola.<\/p>\n\n\n\n<p>Di seguito le principali caratteristiche del sistema regionale:<\/p>\n\n\n\n<ul><li>L\u2019accreditamento riguarda l\u2019organismo con uno o pi\u00f9 set minimi, che consistono in locali uso ufficio, aula didattica e relativi servizi, locali aggiuntivi.<\/li><li>Le macrotipologie previste sono: obbligo d\u2019istruzione; formazione post et\u00e0 dell\u2019obbligo e formazione superiore; formazione continua; percorsi di istruzione e formazione professionale; botteghe scuola.<\/li><li>Il dispositivo di accreditamento si applica anche alle attivit\u00e0 riconosciute.<\/li><li>Sono previsti due meccanismi premianti\/penalizzanti che si applicano a tutti i soggetti accreditati. Il primo meccanismo, denominato monte crediti, prevede l\u2019attribuzione ad ogni soggetto di un punteggio composto da un monte crediti iniziale e da crediti aggiuntivi, legati alla presenza di condizioni premianti. I debiti attribuibili dal sistema sanzionatorio e dagli esiti della verifica decurtano il punteggio fino alla revoca dell\u2019accreditamento; \u00e8 prevista anche l\u2019attribuzione di crediti\/debiti legati alle performance realizzate dall\u2019organismo per gli indicatori di efficienza ed efficacia. Il secondo meccanismo \u00e8 costituito dal sistema di valutazione o rating, che ha lo scopo di rendere conoscibile la performance realizzata dagli organismi accreditati e, allo stesso tempo, di promuovere una crescita complessiva del sistema.&nbsp;<\/li><li>La certificazione di qualit\u00e0 \u00e8 obbligatoria e deve essere ottenuta entro 180 giorni dalla data di accreditamento, ma non \u00e8 richiesta per le botteghe scuola.<\/li><\/ul>\n\n\n\n<figure class=\"wp-block-table\"><table><tbody><tr><td><strong>Provvedimento<\/strong><\/td><td><strong>Oggetto<\/strong><\/td><\/tr><tr><td>Delibera 1078 del 18\/10\/2021<\/td><td><a href=\"\/accreditamento\/wp-content\/uploads\/sites\/4\/2022\/09\/7_Toscana_DGR_1078_del_18.10.21_approvazione-modifiche-disciplinare-accreditamento-organismi-formativi.pdf\">Approvazione<\/a> del testo coordinato aggiornato del <a href=\"\/accreditamento\/wp-content\/uploads\/sites\/4\/2022\/09\/8_Toscana_DGR_1078_del_18.10.21_disciplinare-organismi-formativi-aggiornato.pdf\">Disciplinare per l\u2019accreditamento degli organismi che svolgono attivit\u00e0 di formazione e orientamento<\/a>.<\/td><\/tr><tr><td>Delibera di Giunta Regionale n. 1079 del 18\/10\/2021&nbsp;&nbsp;<\/td><td><a href=\"\/accreditamento\/wp-content\/uploads\/sites\/4\/2022\/09\/9_Toscana_DGR_1079_del_18.10.21_approvazione-modifiche-accreditamento-universita-scuole-CPIA.pdf\">Approvazione<\/a> del testo coordinato aggiornato del <a href=\"\/accreditamento\/wp-content\/uploads\/sites\/4\/2022\/09\/10_Toscana_DGR_1079_del_18.10.21_disciplinare-aggiornato-accreditamento-universita-scuole-CPIA-regionali.pdf\">Disciplinare per l\u2019accreditamento delle universit\u00e0, degli istituti scolastici e dei CPIA regionali<\/a><\/td><\/tr><tr><td>Delibera di Giunta Regionale n. 913 del 19\/09\/2016&nbsp;&nbsp;<\/td><td><a href=\"\/accreditamento\/wp-content\/uploads\/sites\/4\/2022\/09\/5_Toscana_DGR_913_del-19.9.16_approvazione-modifiche-disciplinare-accreditamento-botteghe-scuola-1.pdf\">Approvazione<\/a> del testo coordinato del <a href=\"\/accreditamento\/wp-content\/uploads\/sites\/4\/2022\/09\/6_Toscana_DGR_913_del-19.9.16_-disciplinare-aggiornato-accreditamento-botteghe-scuola-1.pdf\">Disciplinare per l\u2019accreditamento delle Botteghe scuola<\/a><\/td><\/tr><\/tbody><\/table><\/figure>\n","protected":false},"excerpt":{"rendered":"<p>La regione Toscana nel corso degli ultimi anni ha completato il passaggio ad un sistema di accreditamento pi\u00f9 selettivo e qualificato. Il sistema disciplina l\u2019accreditamento per la formazione professionale attraverso l\u2019adozione di tre distinti disciplinari: quello per gli organismi che svolgono attivit\u00e0 di formazione; quello per le universit\u00e0, le istituzioni scolastiche e i centri provinciali [&hellip;]<\/p>\n","protected":false},"author":1,"featured_media":0,"parent":2,"menu_order":0,"comment_status":"closed","ping_status":"closed","template":"dispositivi.php","meta":{"footnotes":""},"acf":[],"yoast_head":"<!-- This site is optimized with the Yoast SEO plugin v21.1 - https:\/\/yoast.com\/wordpress\/plugins\/seo\/ -->\n<title>Toscana - Portale accreditamento<\/title>\n<meta name=\"robots\" content=\"index, follow, max-snippet:-1, max-image-preview:large, max-video-preview:-1\" \/>\n<link rel=\"canonical\" href=\"https:\/\/intest.inapp.org\/accreditamento\/dispositivi-di-accreditamento\/toscana\/\" \/>\n<meta property=\"og:locale\" content=\"it_IT\" \/>\n<meta property=\"og:type\" content=\"article\" \/>\n<meta property=\"og:title\" content=\"Toscana - Portale accreditamento\" \/>\n<meta property=\"og:description\" content=\"La regione Toscana nel corso degli ultimi anni ha completato il passaggio ad un sistema di accreditamento pi\u00f9 selettivo e qualificato. Il sistema disciplina l\u2019accreditamento per la formazione professionale attraverso l\u2019adozione di tre distinti disciplinari: quello per gli organismi che svolgono attivit\u00e0 di formazione; quello per le universit\u00e0, le istituzioni scolastiche e i centri provinciali [&hellip;]\" \/>\n<meta property=\"og:url\" content=\"https:\/\/intest.inapp.org\/accreditamento\/dispositivi-di-accreditamento\/toscana\/\" \/>\n<meta property=\"og:site_name\" content=\"Portale accreditamento\" \/>\n<meta property=\"article:modified_time\" content=\"2022-09-29T10:01:01+00:00\" \/>\n<meta name=\"twitter:card\" content=\"summary_large_image\" \/>\n<meta name=\"twitter:label1\" content=\"Tempo di lettura stimato\" \/>\n\t<meta name=\"twitter:data1\" content=\"2 minuti\" \/>\n<script type=\"application\/ld+json\" class=\"yoast-schema-graph\">{\"@context\":\"https:\/\/schema.org\",\"@graph\":[{\"@type\":\"WebPage\",\"@id\":\"https:\/\/intest.inapp.org\/accreditamento\/dispositivi-di-accreditamento\/toscana\/\",\"url\":\"https:\/\/intest.inapp.org\/accreditamento\/dispositivi-di-accreditamento\/toscana\/\",\"name\":\"Toscana - Portale accreditamento\",\"isPartOf\":{\"@id\":\"https:\/\/intest.inapp.org\/accreditamento\/#website\"},\"datePublished\":\"2022-05-20T04:45:16+00:00\",\"dateModified\":\"2022-09-29T10:01:01+00:00\",\"breadcrumb\":{\"@id\":\"https:\/\/intest.inapp.org\/accreditamento\/dispositivi-di-accreditamento\/toscana\/#breadcrumb\"},\"inLanguage\":\"it-IT\",\"potentialAction\":[{\"@type\":\"ReadAction\",\"target\":[\"https:\/\/intest.inapp.org\/accreditamento\/dispositivi-di-accreditamento\/toscana\/\"]}]},{\"@type\":\"BreadcrumbList\",\"@id\":\"https:\/\/intest.inapp.org\/accreditamento\/dispositivi-di-accreditamento\/toscana\/#breadcrumb\",\"itemListElement\":[{\"@type\":\"ListItem\",\"position\":1,\"name\":\"Home\",\"item\":\"https:\/\/intest.inapp.org\/accreditamento\/\"},{\"@type\":\"ListItem\",\"position\":2,\"name\":\"Dispositivi di accreditamento\",\"item\":\"https:\/\/intest.inapp.org\/accreditamento\/dispositivi-di-accreditamento\/\"},{\"@type\":\"ListItem\",\"position\":3,\"name\":\"Toscana\"}]},{\"@type\":\"WebSite\",\"@id\":\"https:\/\/intest.inapp.org\/accreditamento\/#website\",\"url\":\"https:\/\/intest.inapp.org\/accreditamento\/\",\"name\":\"Portale accreditamento\",\"description\":\"Ecco un altro sito INAPP siti\",\"publisher\":{\"@id\":\"https:\/\/intest.inapp.org\/accreditamento\/#organization\"},\"potentialAction\":[{\"@type\":\"SearchAction\",\"target\":{\"@type\":\"EntryPoint\",\"urlTemplate\":\"https:\/\/intest.inapp.org\/accreditamento\/?s={search_term_string}\"},\"query-input\":\"required name=search_term_string\"}],\"inLanguage\":\"it-IT\"},{\"@type\":\"Organization\",\"@id\":\"https:\/\/intest.inapp.org\/accreditamento\/#organization\",\"name\":\"Portale accreditamento\",\"url\":\"https:\/\/intest.inapp.org\/accreditamento\/\",\"logo\":{\"@type\":\"ImageObject\",\"inLanguage\":\"it-IT\",\"@id\":\"https:\/\/intest.inapp.org\/accreditamento\/#\/schema\/logo\/image\/\",\"url\":\"https:\/\/intest.inapp.org\/accreditamento\/wp-content\/uploads\/sites\/4\/2022\/04\/cropped-Inapp_accreditamento_logo_white_270322_E.png\",\"contentUrl\":\"https:\/\/intest.inapp.org\/accreditamento\/wp-content\/uploads\/sites\/4\/2022\/04\/cropped-Inapp_accreditamento_logo_white_270322_E.png\",\"width\":635,\"height\":67,\"caption\":\"Portale accreditamento\"},\"image\":{\"@id\":\"https:\/\/intest.inapp.org\/accreditamento\/#\/schema\/logo\/image\/\"}}]}<\/script>\n<!-- \/ Yoast SEO plugin. -->","yoast_head_json":{"title":"Toscana - Portale accreditamento","robots":{"index":"index","follow":"follow","max-snippet":"max-snippet:-1","max-image-preview":"max-image-preview:large","max-video-preview":"max-video-preview:-1"},"canonical":"https:\/\/intest.inapp.org\/accreditamento\/dispositivi-di-accreditamento\/toscana\/","og_locale":"it_IT","og_type":"article","og_title":"Toscana - Portale accreditamento","og_description":"La regione Toscana nel corso degli ultimi anni ha completato il passaggio ad un sistema di accreditamento pi\u00f9 selettivo e qualificato. Il sistema disciplina l\u2019accreditamento per la formazione professionale attraverso l\u2019adozione di tre distinti disciplinari: quello per gli organismi che svolgono attivit\u00e0 di formazione; quello per le universit\u00e0, le istituzioni scolastiche e i centri provinciali [&hellip;]","og_url":"https:\/\/intest.inapp.org\/accreditamento\/dispositivi-di-accreditamento\/toscana\/","og_site_name":"Portale accreditamento","article_modified_time":"2022-09-29T10:01:01+00:00","twitter_card":"summary_large_image","twitter_misc":{"Tempo di lettura stimato":"2 minuti"},"schema":{"@context":"https:\/\/schema.org","@graph":[{"@type":"WebPage","@id":"https:\/\/intest.inapp.org\/accreditamento\/dispositivi-di-accreditamento\/toscana\/","url":"https:\/\/intest.inapp.org\/accreditamento\/dispositivi-di-accreditamento\/toscana\/","name":"Toscana - Portale accreditamento","isPartOf":{"@id":"https:\/\/intest.inapp.org\/accreditamento\/#website"},"datePublished":"2022-05-20T04:45:16+00:00","dateModified":"2022-09-29T10:01:01+00:00","breadcrumb":{"@id":"https:\/\/intest.inapp.org\/accreditamento\/dispositivi-di-accreditamento\/toscana\/#breadcrumb"},"inLanguage":"it-IT","potentialAction":[{"@type":"ReadAction","target":["https:\/\/intest.inapp.org\/accreditamento\/dispositivi-di-accreditamento\/toscana\/"]}]},{"@type":"BreadcrumbList","@id":"https:\/\/intest.inapp.org\/accreditamento\/dispositivi-di-accreditamento\/toscana\/#breadcrumb","itemListElement":[{"@type":"ListItem","position":1,"name":"Home","item":"https:\/\/intest.inapp.org\/accreditamento\/"},{"@type":"ListItem","position":2,"name":"Dispositivi di accreditamento","item":"https:\/\/intest.inapp.org\/accreditamento\/dispositivi-di-accreditamento\/"},{"@type":"ListItem","position":3,"name":"Toscana"}]},{"@type":"WebSite","@id":"https:\/\/intest.inapp.org\/accreditamento\/#website","url":"https:\/\/intest.inapp.org\/accreditamento\/","name":"Portale accreditamento","description":"Ecco un altro sito INAPP siti","publisher":{"@id":"https:\/\/intest.inapp.org\/accreditamento\/#organization"},"potentialAction":[{"@type":"SearchAction","target":{"@type":"EntryPoint","urlTemplate":"https:\/\/intest.inapp.org\/accreditamento\/?s={search_term_string}"},"query-input":"required name=search_term_string"}],"inLanguage":"it-IT"},{"@type":"Organization","@id":"https:\/\/intest.inapp.org\/accreditamento\/#organization","name":"Portale accreditamento","url":"https:\/\/intest.inapp.org\/accreditamento\/","logo":{"@type":"ImageObject","inLanguage":"it-IT","@id":"https:\/\/intest.inapp.org\/accreditamento\/#\/schema\/logo\/image\/","url":"https:\/\/intest.inapp.org\/accreditamento\/wp-content\/uploads\/sites\/4\/2022\/04\/cropped-Inapp_accreditamento_logo_white_270322_E.png","contentUrl":"https:\/\/intest.inapp.org\/accreditamento\/wp-content\/uploads\/sites\/4\/2022\/04\/cropped-Inapp_accreditamento_logo_white_270322_E.png","width":635,"height":67,"caption":"Portale accreditamento"},"image":{"@id":"https:\/\/intest.inapp.org\/accreditamento\/#\/schema\/logo\/image\/"}}]}},"_links":{"self":[{"href":"https:\/\/intest.inapp.org\/accreditamento\/wp-json\/wp\/v2\/pages\/40"}],"collection":[{"href":"https:\/\/intest.inapp.org\/accreditamento\/wp-json\/wp\/v2\/pages"}],"about":[{"href":"https:\/\/intest.inapp.org\/accreditamento\/wp-json\/wp\/v2\/types\/page"}],"author":[{"embeddable":true,"href":"https:\/\/intest.inapp.org\/accreditamento\/wp-json\/wp\/v2\/users\/1"}],"replies":[{"embeddable":true,"href":"https:\/\/intest.inapp.org\/accreditamento\/wp-json\/wp\/v2\/comments?post=40"}],"version-history":[{"count":2,"href":"https:\/\/intest.inapp.org\/accreditamento\/wp-json\/wp\/v2\/pages\/40\/revisions"}],"predecessor-version":[{"id":30514,"href":"https:\/\/intest.inapp.org\/accreditamento\/wp-json\/wp\/v2\/pages\/40\/revisions\/30514"}],"up":[{"embeddable":true,"href":"https:\/\/intest.inapp.org\/accreditamento\/wp-json\/wp\/v2\/pages\/2"}],"wp:attachment":[{"href":"https:\/\/intest.inapp.org\/accreditamento\/wp-json\/wp\/v2\/media?parent=40"}],"curies":[{"name":"wp","href":"https:\/\/api.w.org\/{rel}","templated":true}]}}