{"id":54,"date":"2022-05-20T06:48:59","date_gmt":"2022-05-20T04:48:59","guid":{"rendered":"https:\/\/ww7.inapp.org\/accreditamento\/?p=7619"},"modified":"2023-03-30T18:09:57","modified_gmt":"2023-03-30T16:09:57","slug":"basilicata","status":"publish","type":"page","link":"https:\/\/intest.inapp.org\/accreditamento\/dispositivi-di-accreditamento\/basilicata\/","title":{"rendered":"Basilicata"},"content":{"rendered":"\n<p>Il disciplinare per l\u2019accreditamento degli organismi formativi \u00e8 stato approvato nel 2012 e riguarda solo la formazione professionale e l\u2019orientamento; non sono previste sinergie o facilitazioni per soggetti accreditati per i servizi al lavoro o titolati ai servizi di individuazione, validazione e certificazione delle competenze.<\/p>\n\n\n\n<p>Di seguito le principali caratteristiche del dispositivo regionale:<\/p>\n\n\n\n<ul>\n<li>Il disciplinale definisce una macrotipologia unica relativa alle attivit\u00e0 formative finanziate con risorse pubbliche o rivolte ad utenti individuali che beneficiano di strumenti di finanziamento pubblico a domanda individuale (come voucher, buoni), e prevede inoltre un accreditamento per l\u2019orientamento.<\/li>\n\n\n\n<li>Per lo svolgimento di corsi autorizzati e autofinanziati non \u00e8 richiesto l\u2019accreditamento.<\/li>\n\n\n\n<li>L\u2019accreditamento viene rilasciato in riferimento a ciascuna sede formativa.<\/li>\n\n\n\n<li>\u00c8 previsto sistema premiante\/penalizzante basato su un meccanismo a punti. Al momento della concessione dell&#8217;accreditamento viene assegnato all&#8217;organismo formativo un \u201cmonte crediti standard\u201d a cui pu\u00f2 sommarsi un \u201cmonte crediti aggiuntivo\u201d connesso alla presenza di specifiche condizioni premianti. La normativa regionale contiene una tabella con le irregolarit\u00e0 nella gestione dei progetti che producono penalizzazioni, ovvero sottrazione di punteggi dal \u201cmonte crediti standard\u201d. Qualora l&#8217;organismo esaurisca il proprio &#8220;monte crediti&#8221; ne consegue la revoca dell&#8217;accreditamento per tutte le relative sedi operative per i 12 mesi successivi. Qualora l&#8217;organismo non incorra in infrazioni e irregolarit\u00e0 per due anni consecutivi, il punteggio viene integrato con un pacchetto di punti fino al raggiungimento del punteggio massimo.<\/li>\n\n\n\n<li>Il possesso della certificazione di qualit\u00e0 \u00e8 un requisito facoltativo che d\u00e0 diritto ad un punteggio nel \u201cmonte crediti aggiuntivo\u201d; l\u2019organismo che ne sia in possesso deve comunque documentare tutti i requisiti richiesti dal dispositivo di accreditamento.<\/li>\n\n\n\n<li>Il sistema informativo per la gestione del processo di accreditamento \u00e8 connesso con altri sistemi di gestione regionali.<\/li>\n<\/ul>\n\n\n\n<figure class=\"wp-block-table\"><table><tbody><tr><th>Provvedimento<\/th><th>Oggetto<\/th><\/tr><tr><td>Delibera di Giunta Regionale n. 927 del 10\/07\/2012<\/td><td><a href=\"\/accreditamento\/wp-content\/uploads\/sites\/4\/2022\/06\/3_Basilicata_DGR_927_del-10.7.12_approvazione-dispositivo.pdf\">Approvazione\u00a0<\/a>delle\u00a0<a href=\"\/accreditamento\/wp-content\/uploads\/sites\/4\/2022\/06\/4_Basilicata_DGR_927_del-10.7.12_dispositivo.pdf\">Disposizioni per l\u2019accreditamento<\/a>\u00a0degli organismi che svolgono attivit\u00e0 di formazione e orientamento con\u00a0<a href=\"\/accreditamento\/wp-content\/uploads\/sites\/4\/2022\/06\/5_Basilicata_DGR_927_del-10.7.12_requisiti-.pdf\">tabelle requisiti<\/a><\/td><\/tr><tr><td>Determina dirigenziale n. 878 del 3\/10\/2012<\/td><td><a href=\"\/accreditamento\/wp-content\/uploads\/sites\/4\/2022\/06\/6_Basilicata_Determina_878_del-3.10.12.pdf\">Approvazione<\/a>\u00a0della Modulistica, Linee Guida per la compilazione della modulistica,\u00a0<a href=\"\/accreditamento\/wp-content\/uploads\/sites\/4\/2022\/06\/9_Basilicata_Determina_878_del-3.10.12_manuale-per-audit.pdf\">Manuale per l\u2019audit<\/a><\/td><\/tr><\/tbody><\/table><\/figure>\n","protected":false},"excerpt":{"rendered":"<p>Il disciplinare per l\u2019accreditamento degli organismi formativi \u00e8 stato approvato nel 2012 e riguarda solo la formazione professionale e l\u2019orientamento; non sono previste sinergie o facilitazioni per soggetti accreditati per i servizi al lavoro o titolati ai servizi di individuazione, validazione e certificazione delle competenze. Di seguito le principali caratteristiche del dispositivo regionale: Provvedimento Oggetto [&hellip;]<\/p>\n","protected":false},"author":1,"featured_media":0,"parent":2,"menu_order":0,"comment_status":"closed","ping_status":"closed","template":"dispositivi.php","meta":{"footnotes":""},"acf":[],"yoast_head":"<!-- This site is optimized with the Yoast SEO plugin v21.1 - https:\/\/yoast.com\/wordpress\/plugins\/seo\/ -->\n<title>Basilicata - Portale accreditamento<\/title>\n<meta name=\"robots\" content=\"index, follow, max-snippet:-1, max-image-preview:large, max-video-preview:-1\" \/>\n<link rel=\"canonical\" href=\"https:\/\/intest.inapp.org\/accreditamento\/dispositivi-di-accreditamento\/basilicata\/\" \/>\n<meta property=\"og:locale\" content=\"it_IT\" \/>\n<meta property=\"og:type\" content=\"article\" \/>\n<meta property=\"og:title\" content=\"Basilicata - Portale accreditamento\" \/>\n<meta property=\"og:description\" content=\"Il disciplinare per l\u2019accreditamento degli organismi formativi \u00e8 stato approvato nel 2012 e riguarda solo la formazione professionale e l\u2019orientamento; non sono previste sinergie o facilitazioni per soggetti accreditati per i servizi al lavoro o titolati ai servizi di individuazione, validazione e certificazione delle competenze. Di seguito le principali caratteristiche del dispositivo regionale: Provvedimento Oggetto [&hellip;]\" \/>\n<meta property=\"og:url\" content=\"https:\/\/intest.inapp.org\/accreditamento\/dispositivi-di-accreditamento\/basilicata\/\" \/>\n<meta property=\"og:site_name\" content=\"Portale accreditamento\" \/>\n<meta property=\"article:modified_time\" content=\"2023-03-30T16:09:57+00:00\" \/>\n<meta name=\"twitter:card\" content=\"summary_large_image\" \/>\n<meta name=\"twitter:label1\" content=\"Tempo di lettura stimato\" \/>\n\t<meta name=\"twitter:data1\" content=\"2 minuti\" \/>\n<script type=\"application\/ld+json\" class=\"yoast-schema-graph\">{\"@context\":\"https:\/\/schema.org\",\"@graph\":[{\"@type\":\"WebPage\",\"@id\":\"https:\/\/intest.inapp.org\/accreditamento\/dispositivi-di-accreditamento\/basilicata\/\",\"url\":\"https:\/\/intest.inapp.org\/accreditamento\/dispositivi-di-accreditamento\/basilicata\/\",\"name\":\"Basilicata - Portale accreditamento\",\"isPartOf\":{\"@id\":\"https:\/\/intest.inapp.org\/accreditamento\/#website\"},\"datePublished\":\"2022-05-20T04:48:59+00:00\",\"dateModified\":\"2023-03-30T16:09:57+00:00\",\"breadcrumb\":{\"@id\":\"https:\/\/intest.inapp.org\/accreditamento\/dispositivi-di-accreditamento\/basilicata\/#breadcrumb\"},\"inLanguage\":\"it-IT\",\"potentialAction\":[{\"@type\":\"ReadAction\",\"target\":[\"https:\/\/intest.inapp.org\/accreditamento\/dispositivi-di-accreditamento\/basilicata\/\"]}]},{\"@type\":\"BreadcrumbList\",\"@id\":\"https:\/\/intest.inapp.org\/accreditamento\/dispositivi-di-accreditamento\/basilicata\/#breadcrumb\",\"itemListElement\":[{\"@type\":\"ListItem\",\"position\":1,\"name\":\"Home\",\"item\":\"https:\/\/intest.inapp.org\/accreditamento\/\"},{\"@type\":\"ListItem\",\"position\":2,\"name\":\"Dispositivi di accreditamento\",\"item\":\"https:\/\/intest.inapp.org\/accreditamento\/dispositivi-di-accreditamento\/\"},{\"@type\":\"ListItem\",\"position\":3,\"name\":\"Basilicata\"}]},{\"@type\":\"WebSite\",\"@id\":\"https:\/\/intest.inapp.org\/accreditamento\/#website\",\"url\":\"https:\/\/intest.inapp.org\/accreditamento\/\",\"name\":\"Portale accreditamento\",\"description\":\"Ecco un altro sito INAPP siti\",\"publisher\":{\"@id\":\"https:\/\/intest.inapp.org\/accreditamento\/#organization\"},\"potentialAction\":[{\"@type\":\"SearchAction\",\"target\":{\"@type\":\"EntryPoint\",\"urlTemplate\":\"https:\/\/intest.inapp.org\/accreditamento\/?s={search_term_string}\"},\"query-input\":\"required name=search_term_string\"}],\"inLanguage\":\"it-IT\"},{\"@type\":\"Organization\",\"@id\":\"https:\/\/intest.inapp.org\/accreditamento\/#organization\",\"name\":\"Portale accreditamento\",\"url\":\"https:\/\/intest.inapp.org\/accreditamento\/\",\"logo\":{\"@type\":\"ImageObject\",\"inLanguage\":\"it-IT\",\"@id\":\"https:\/\/intest.inapp.org\/accreditamento\/#\/schema\/logo\/image\/\",\"url\":\"https:\/\/intest.inapp.org\/accreditamento\/wp-content\/uploads\/sites\/4\/2022\/04\/cropped-Inapp_accreditamento_logo_white_270322_E.png\",\"contentUrl\":\"https:\/\/intest.inapp.org\/accreditamento\/wp-content\/uploads\/sites\/4\/2022\/04\/cropped-Inapp_accreditamento_logo_white_270322_E.png\",\"width\":635,\"height\":67,\"caption\":\"Portale accreditamento\"},\"image\":{\"@id\":\"https:\/\/intest.inapp.org\/accreditamento\/#\/schema\/logo\/image\/\"}}]}<\/script>\n<!-- \/ Yoast SEO plugin. -->","yoast_head_json":{"title":"Basilicata - Portale accreditamento","robots":{"index":"index","follow":"follow","max-snippet":"max-snippet:-1","max-image-preview":"max-image-preview:large","max-video-preview":"max-video-preview:-1"},"canonical":"https:\/\/intest.inapp.org\/accreditamento\/dispositivi-di-accreditamento\/basilicata\/","og_locale":"it_IT","og_type":"article","og_title":"Basilicata - Portale accreditamento","og_description":"Il disciplinare per l\u2019accreditamento degli organismi formativi \u00e8 stato approvato nel 2012 e riguarda solo la formazione professionale e l\u2019orientamento; non sono previste sinergie o facilitazioni per soggetti accreditati per i servizi al lavoro o titolati ai servizi di individuazione, validazione e certificazione delle competenze. Di seguito le principali caratteristiche del dispositivo regionale: Provvedimento Oggetto [&hellip;]","og_url":"https:\/\/intest.inapp.org\/accreditamento\/dispositivi-di-accreditamento\/basilicata\/","og_site_name":"Portale accreditamento","article_modified_time":"2023-03-30T16:09:57+00:00","twitter_card":"summary_large_image","twitter_misc":{"Tempo di lettura stimato":"2 minuti"},"schema":{"@context":"https:\/\/schema.org","@graph":[{"@type":"WebPage","@id":"https:\/\/intest.inapp.org\/accreditamento\/dispositivi-di-accreditamento\/basilicata\/","url":"https:\/\/intest.inapp.org\/accreditamento\/dispositivi-di-accreditamento\/basilicata\/","name":"Basilicata - Portale accreditamento","isPartOf":{"@id":"https:\/\/intest.inapp.org\/accreditamento\/#website"},"datePublished":"2022-05-20T04:48:59+00:00","dateModified":"2023-03-30T16:09:57+00:00","breadcrumb":{"@id":"https:\/\/intest.inapp.org\/accreditamento\/dispositivi-di-accreditamento\/basilicata\/#breadcrumb"},"inLanguage":"it-IT","potentialAction":[{"@type":"ReadAction","target":["https:\/\/intest.inapp.org\/accreditamento\/dispositivi-di-accreditamento\/basilicata\/"]}]},{"@type":"BreadcrumbList","@id":"https:\/\/intest.inapp.org\/accreditamento\/dispositivi-di-accreditamento\/basilicata\/#breadcrumb","itemListElement":[{"@type":"ListItem","position":1,"name":"Home","item":"https:\/\/intest.inapp.org\/accreditamento\/"},{"@type":"ListItem","position":2,"name":"Dispositivi di accreditamento","item":"https:\/\/intest.inapp.org\/accreditamento\/dispositivi-di-accreditamento\/"},{"@type":"ListItem","position":3,"name":"Basilicata"}]},{"@type":"WebSite","@id":"https:\/\/intest.inapp.org\/accreditamento\/#website","url":"https:\/\/intest.inapp.org\/accreditamento\/","name":"Portale accreditamento","description":"Ecco un altro sito INAPP siti","publisher":{"@id":"https:\/\/intest.inapp.org\/accreditamento\/#organization"},"potentialAction":[{"@type":"SearchAction","target":{"@type":"EntryPoint","urlTemplate":"https:\/\/intest.inapp.org\/accreditamento\/?s={search_term_string}"},"query-input":"required name=search_term_string"}],"inLanguage":"it-IT"},{"@type":"Organization","@id":"https:\/\/intest.inapp.org\/accreditamento\/#organization","name":"Portale accreditamento","url":"https:\/\/intest.inapp.org\/accreditamento\/","logo":{"@type":"ImageObject","inLanguage":"it-IT","@id":"https:\/\/intest.inapp.org\/accreditamento\/#\/schema\/logo\/image\/","url":"https:\/\/intest.inapp.org\/accreditamento\/wp-content\/uploads\/sites\/4\/2022\/04\/cropped-Inapp_accreditamento_logo_white_270322_E.png","contentUrl":"https:\/\/intest.inapp.org\/accreditamento\/wp-content\/uploads\/sites\/4\/2022\/04\/cropped-Inapp_accreditamento_logo_white_270322_E.png","width":635,"height":67,"caption":"Portale accreditamento"},"image":{"@id":"https:\/\/intest.inapp.org\/accreditamento\/#\/schema\/logo\/image\/"}}]}},"_links":{"self":[{"href":"https:\/\/intest.inapp.org\/accreditamento\/wp-json\/wp\/v2\/pages\/54"}],"collection":[{"href":"https:\/\/intest.inapp.org\/accreditamento\/wp-json\/wp\/v2\/pages"}],"about":[{"href":"https:\/\/intest.inapp.org\/accreditamento\/wp-json\/wp\/v2\/types\/page"}],"author":[{"embeddable":true,"href":"https:\/\/intest.inapp.org\/accreditamento\/wp-json\/wp\/v2\/users\/1"}],"replies":[{"embeddable":true,"href":"https:\/\/intest.inapp.org\/accreditamento\/wp-json\/wp\/v2\/comments?post=54"}],"version-history":[{"count":3,"href":"https:\/\/intest.inapp.org\/accreditamento\/wp-json\/wp\/v2\/pages\/54\/revisions"}],"predecessor-version":[{"id":30558,"href":"https:\/\/intest.inapp.org\/accreditamento\/wp-json\/wp\/v2\/pages\/54\/revisions\/30558"}],"up":[{"embeddable":true,"href":"https:\/\/intest.inapp.org\/accreditamento\/wp-json\/wp\/v2\/pages\/2"}],"wp:attachment":[{"href":"https:\/\/intest.inapp.org\/accreditamento\/wp-json\/wp\/v2\/media?parent=54"}],"curies":[{"name":"wp","href":"https:\/\/api.w.org\/{rel}","templated":true}]}}