{"id":60,"date":"2022-05-20T06:50:54","date_gmt":"2022-05-20T04:50:54","guid":{"rendered":"https:\/\/ww7.inapp.org\/accreditamento\/?p=7619"},"modified":"2022-07-27T13:45:06","modified_gmt":"2022-07-27T11:45:06","slug":"provincia-autonoma-bolzano","status":"publish","type":"page","link":"https:\/\/intest.inapp.org\/accreditamento\/dispositivi-di-accreditamento\/provincia-autonoma-bolzano\/","title":{"rendered":"Provincia Autonoma Bolzano"},"content":{"rendered":"\n<p>Nella Provincia autonoma di Bolzano la normativa per l\u2019accreditamento degli organismi formativi riguarda solo la formazione ed \u00e8 collegata alla programmazione FSE. La normativa provinciale \u00e8 stata oggetto di periodica revisione in relazione alla programmazione del FSE. Il disciplinare vigente, approvato nel 2016 e relativo alla programmazione 2014\/2020, \u00e8 pienamente applicato; soltanto la verifica della permanenza dei requisiti di efficienza\/efficacia ha avuto una dilazione di tre anni nei tempi di attuazione.&nbsp;<\/p>\n\n\n\n<p>Di seguito le principali caratteristiche del sistema:<\/p>\n\n\n\n<ul><li>L\u2019accreditamento riguarda l\u2019organismo e le sue sedi operative.<\/li><li>\u00c8 prevista una macrotipologia unica che, di fatto, ricomprende la formazione superiore, la formazione continua e le utenze speciali mentre la formazione per l\u2019obbligo di istruzione\/diritto dovere \u00e8 attribuita dallo Statuto e dalle leggi provinciali ai Centri di Formazione della Provincia.<\/li><li>L\u2019accreditamento non riguarda i corsi riconosciuti, in quanto questi non sono previsti nella Provincia di Bolzano.<\/li><li>Il possesso della certificazione di qualit\u00e0 \u00e8 un requisito facoltativo. \u00c8 riconosciuta&nbsp; la certificazione di qualit\u00e0 ISO UNI EN 9001:2015 per il settore EA 37 o la certificazione EFQM Recognised for Excellence. L\u2019organismo in possesso della certificazione di qualit\u00e0 pu\u00f2 chiedere l\u2019applicazione della&nbsp; procedura di semplificazione ISO\/EFQM.<\/li><li>\u00c8&nbsp; previsto un requisito relativo alla valutazione della soddisfazione degli allievi e del personale coinvolto nell\u2019attuazione degli interventi; inoltre \u00e8 presente un requisito che rileva la ricaduta occupazionale dei corsi per tutti i partecipanti, con inserimento delle informazioni su database provinciale.<\/li><li>Il sistema informativo per la gestione del processo di accreditamento \u00e8 connesso con altri sistemi di gestione garantendo il dialogo fra il sistema dell\u2019accreditamento e le informazioni relative alle attivit\u00e0 finanziate dal FSE.<\/li><\/ul>\n\n\n\n<figure class=\"wp-block-table\"><table><tbody><tr><th>Provvedimento<\/th><th>Oggetto<\/th><\/tr><tr><td>Delibera di Giunta Provinciale n. 301 del 22\/03\/2016<\/td><td><a href=\"\/accreditamento\/wp-content\/uploads\/sites\/4\/2022\/07\/1_Bolzano_Delibera_301_del-22.03.16_Disposizioni-Accreditamento.pdf\" data-type=\"URL\" data-id=\"\/accreditamento\/wp-content\/uploads\/sites\/4\/2022\/07\/1_Bolzano_Delibera_301_del-22.03.16_Disposizioni-Accreditamento.pdf\" target=\"_blank\" rel=\"noreferrer noopener\">Disposizioni in materia di accreditamento FSE<\/a><\/td><\/tr><tr><td>Decreto del Direttore dell\u2019Ufficio FSE&nbsp; n. 22404 del 14\/11\/2017<\/td><td><a href=\"\/accreditamento\/wp-content\/uploads\/sites\/4\/2022\/07\/2_Bolzano_Decreto-direttore_Ufficio-FSE_-22404_del-14.11.17_Guida-per-laccreditamento.pdf\" data-type=\"URL\" data-id=\"\/accreditamento\/wp-content\/uploads\/sites\/4\/2022\/07\/2_Bolzano_Decreto-direttore_Ufficio-FSE_-22404_del-14.11.17_Guida-per-laccreditamento.pdf\" target=\"_blank\" rel=\"noreferrer noopener\">Guida per l\u2019accreditamento FSE<\/a>\u00a0con requisiti, procedura amministrativa e\u00a0<a href=\"\/accreditamento\/wp-content\/uploads\/sites\/4\/2022\/07\/3_Bolzano_Decreto-direttore_Ufficio-FSE_-22404_del-14.11.17_Check-list.pdf\" data-type=\"URL\" data-id=\"\/accreditamento\/wp-content\/uploads\/sites\/4\/2022\/07\/3_Bolzano_Decreto-direttore_Ufficio-FSE_-22404_del-14.11.17_Check-list.pdf\" target=\"_blank\" rel=\"noreferrer noopener\">check list<\/a><\/td><\/tr><\/tbody><\/table><\/figure>\n","protected":false},"excerpt":{"rendered":"<p>Nella Provincia autonoma di Bolzano la normativa per l\u2019accreditamento degli organismi formativi riguarda solo la formazione ed \u00e8 collegata alla programmazione FSE. La normativa provinciale \u00e8 stata oggetto di periodica revisione in relazione alla programmazione del FSE. Il disciplinare vigente, approvato nel 2016 e relativo alla programmazione 2014\/2020, \u00e8 pienamente applicato; soltanto la verifica della [&hellip;]<\/p>\n","protected":false},"author":1,"featured_media":0,"parent":2,"menu_order":0,"comment_status":"closed","ping_status":"closed","template":"dispositivi.php","meta":{"footnotes":""},"acf":[],"yoast_head":"<!-- This site is optimized with the Yoast SEO plugin v21.1 - https:\/\/yoast.com\/wordpress\/plugins\/seo\/ -->\n<title>Provincia Autonoma Bolzano - Portale accreditamento<\/title>\n<meta name=\"robots\" content=\"index, follow, max-snippet:-1, max-image-preview:large, max-video-preview:-1\" \/>\n<link rel=\"canonical\" href=\"https:\/\/intest.inapp.org\/accreditamento\/dispositivi-di-accreditamento\/provincia-autonoma-bolzano\/\" \/>\n<meta property=\"og:locale\" content=\"it_IT\" \/>\n<meta property=\"og:type\" content=\"article\" \/>\n<meta property=\"og:title\" content=\"Provincia Autonoma Bolzano - Portale accreditamento\" \/>\n<meta property=\"og:description\" content=\"Nella Provincia autonoma di Bolzano la normativa per l\u2019accreditamento degli organismi formativi riguarda solo la formazione ed \u00e8 collegata alla programmazione FSE. La normativa provinciale \u00e8 stata oggetto di periodica revisione in relazione alla programmazione del FSE. Il disciplinare vigente, approvato nel 2016 e relativo alla programmazione 2014\/2020, \u00e8 pienamente applicato; soltanto la verifica della [&hellip;]\" \/>\n<meta property=\"og:url\" content=\"https:\/\/intest.inapp.org\/accreditamento\/dispositivi-di-accreditamento\/provincia-autonoma-bolzano\/\" \/>\n<meta property=\"og:site_name\" content=\"Portale accreditamento\" \/>\n<meta property=\"article:modified_time\" content=\"2022-07-27T11:45:06+00:00\" \/>\n<meta name=\"twitter:card\" content=\"summary_large_image\" \/>\n<meta name=\"twitter:label1\" content=\"Tempo di lettura stimato\" \/>\n\t<meta name=\"twitter:data1\" content=\"1 minuto\" \/>\n<script type=\"application\/ld+json\" class=\"yoast-schema-graph\">{\"@context\":\"https:\/\/schema.org\",\"@graph\":[{\"@type\":\"WebPage\",\"@id\":\"https:\/\/intest.inapp.org\/accreditamento\/dispositivi-di-accreditamento\/provincia-autonoma-bolzano\/\",\"url\":\"https:\/\/intest.inapp.org\/accreditamento\/dispositivi-di-accreditamento\/provincia-autonoma-bolzano\/\",\"name\":\"Provincia Autonoma Bolzano - Portale accreditamento\",\"isPartOf\":{\"@id\":\"https:\/\/intest.inapp.org\/accreditamento\/#website\"},\"datePublished\":\"2022-05-20T04:50:54+00:00\",\"dateModified\":\"2022-07-27T11:45:06+00:00\",\"breadcrumb\":{\"@id\":\"https:\/\/intest.inapp.org\/accreditamento\/dispositivi-di-accreditamento\/provincia-autonoma-bolzano\/#breadcrumb\"},\"inLanguage\":\"it-IT\",\"potentialAction\":[{\"@type\":\"ReadAction\",\"target\":[\"https:\/\/intest.inapp.org\/accreditamento\/dispositivi-di-accreditamento\/provincia-autonoma-bolzano\/\"]}]},{\"@type\":\"BreadcrumbList\",\"@id\":\"https:\/\/intest.inapp.org\/accreditamento\/dispositivi-di-accreditamento\/provincia-autonoma-bolzano\/#breadcrumb\",\"itemListElement\":[{\"@type\":\"ListItem\",\"position\":1,\"name\":\"Home\",\"item\":\"https:\/\/intest.inapp.org\/accreditamento\/\"},{\"@type\":\"ListItem\",\"position\":2,\"name\":\"Dispositivi di accreditamento\",\"item\":\"https:\/\/intest.inapp.org\/accreditamento\/dispositivi-di-accreditamento\/\"},{\"@type\":\"ListItem\",\"position\":3,\"name\":\"Provincia Autonoma Bolzano\"}]},{\"@type\":\"WebSite\",\"@id\":\"https:\/\/intest.inapp.org\/accreditamento\/#website\",\"url\":\"https:\/\/intest.inapp.org\/accreditamento\/\",\"name\":\"Portale accreditamento\",\"description\":\"Ecco un altro sito INAPP siti\",\"publisher\":{\"@id\":\"https:\/\/intest.inapp.org\/accreditamento\/#organization\"},\"potentialAction\":[{\"@type\":\"SearchAction\",\"target\":{\"@type\":\"EntryPoint\",\"urlTemplate\":\"https:\/\/intest.inapp.org\/accreditamento\/?s={search_term_string}\"},\"query-input\":\"required name=search_term_string\"}],\"inLanguage\":\"it-IT\"},{\"@type\":\"Organization\",\"@id\":\"https:\/\/intest.inapp.org\/accreditamento\/#organization\",\"name\":\"Portale accreditamento\",\"url\":\"https:\/\/intest.inapp.org\/accreditamento\/\",\"logo\":{\"@type\":\"ImageObject\",\"inLanguage\":\"it-IT\",\"@id\":\"https:\/\/intest.inapp.org\/accreditamento\/#\/schema\/logo\/image\/\",\"url\":\"https:\/\/intest.inapp.org\/accreditamento\/wp-content\/uploads\/sites\/4\/2022\/04\/cropped-Inapp_accreditamento_logo_white_270322_E.png\",\"contentUrl\":\"https:\/\/intest.inapp.org\/accreditamento\/wp-content\/uploads\/sites\/4\/2022\/04\/cropped-Inapp_accreditamento_logo_white_270322_E.png\",\"width\":635,\"height\":67,\"caption\":\"Portale accreditamento\"},\"image\":{\"@id\":\"https:\/\/intest.inapp.org\/accreditamento\/#\/schema\/logo\/image\/\"}}]}<\/script>\n<!-- \/ Yoast SEO plugin. -->","yoast_head_json":{"title":"Provincia Autonoma Bolzano - Portale accreditamento","robots":{"index":"index","follow":"follow","max-snippet":"max-snippet:-1","max-image-preview":"max-image-preview:large","max-video-preview":"max-video-preview:-1"},"canonical":"https:\/\/intest.inapp.org\/accreditamento\/dispositivi-di-accreditamento\/provincia-autonoma-bolzano\/","og_locale":"it_IT","og_type":"article","og_title":"Provincia Autonoma Bolzano - Portale accreditamento","og_description":"Nella Provincia autonoma di Bolzano la normativa per l\u2019accreditamento degli organismi formativi riguarda solo la formazione ed \u00e8 collegata alla programmazione FSE. La normativa provinciale \u00e8 stata oggetto di periodica revisione in relazione alla programmazione del FSE. Il disciplinare vigente, approvato nel 2016 e relativo alla programmazione 2014\/2020, \u00e8 pienamente applicato; soltanto la verifica della [&hellip;]","og_url":"https:\/\/intest.inapp.org\/accreditamento\/dispositivi-di-accreditamento\/provincia-autonoma-bolzano\/","og_site_name":"Portale accreditamento","article_modified_time":"2022-07-27T11:45:06+00:00","twitter_card":"summary_large_image","twitter_misc":{"Tempo di lettura stimato":"1 minuto"},"schema":{"@context":"https:\/\/schema.org","@graph":[{"@type":"WebPage","@id":"https:\/\/intest.inapp.org\/accreditamento\/dispositivi-di-accreditamento\/provincia-autonoma-bolzano\/","url":"https:\/\/intest.inapp.org\/accreditamento\/dispositivi-di-accreditamento\/provincia-autonoma-bolzano\/","name":"Provincia Autonoma Bolzano - Portale accreditamento","isPartOf":{"@id":"https:\/\/intest.inapp.org\/accreditamento\/#website"},"datePublished":"2022-05-20T04:50:54+00:00","dateModified":"2022-07-27T11:45:06+00:00","breadcrumb":{"@id":"https:\/\/intest.inapp.org\/accreditamento\/dispositivi-di-accreditamento\/provincia-autonoma-bolzano\/#breadcrumb"},"inLanguage":"it-IT","potentialAction":[{"@type":"ReadAction","target":["https:\/\/intest.inapp.org\/accreditamento\/dispositivi-di-accreditamento\/provincia-autonoma-bolzano\/"]}]},{"@type":"BreadcrumbList","@id":"https:\/\/intest.inapp.org\/accreditamento\/dispositivi-di-accreditamento\/provincia-autonoma-bolzano\/#breadcrumb","itemListElement":[{"@type":"ListItem","position":1,"name":"Home","item":"https:\/\/intest.inapp.org\/accreditamento\/"},{"@type":"ListItem","position":2,"name":"Dispositivi di accreditamento","item":"https:\/\/intest.inapp.org\/accreditamento\/dispositivi-di-accreditamento\/"},{"@type":"ListItem","position":3,"name":"Provincia Autonoma Bolzano"}]},{"@type":"WebSite","@id":"https:\/\/intest.inapp.org\/accreditamento\/#website","url":"https:\/\/intest.inapp.org\/accreditamento\/","name":"Portale accreditamento","description":"Ecco un altro sito INAPP siti","publisher":{"@id":"https:\/\/intest.inapp.org\/accreditamento\/#organization"},"potentialAction":[{"@type":"SearchAction","target":{"@type":"EntryPoint","urlTemplate":"https:\/\/intest.inapp.org\/accreditamento\/?s={search_term_string}"},"query-input":"required name=search_term_string"}],"inLanguage":"it-IT"},{"@type":"Organization","@id":"https:\/\/intest.inapp.org\/accreditamento\/#organization","name":"Portale accreditamento","url":"https:\/\/intest.inapp.org\/accreditamento\/","logo":{"@type":"ImageObject","inLanguage":"it-IT","@id":"https:\/\/intest.inapp.org\/accreditamento\/#\/schema\/logo\/image\/","url":"https:\/\/intest.inapp.org\/accreditamento\/wp-content\/uploads\/sites\/4\/2022\/04\/cropped-Inapp_accreditamento_logo_white_270322_E.png","contentUrl":"https:\/\/intest.inapp.org\/accreditamento\/wp-content\/uploads\/sites\/4\/2022\/04\/cropped-Inapp_accreditamento_logo_white_270322_E.png","width":635,"height":67,"caption":"Portale accreditamento"},"image":{"@id":"https:\/\/intest.inapp.org\/accreditamento\/#\/schema\/logo\/image\/"}}]}},"_links":{"self":[{"href":"https:\/\/intest.inapp.org\/accreditamento\/wp-json\/wp\/v2\/pages\/60"}],"collection":[{"href":"https:\/\/intest.inapp.org\/accreditamento\/wp-json\/wp\/v2\/pages"}],"about":[{"href":"https:\/\/intest.inapp.org\/accreditamento\/wp-json\/wp\/v2\/types\/page"}],"author":[{"embeddable":true,"href":"https:\/\/intest.inapp.org\/accreditamento\/wp-json\/wp\/v2\/users\/1"}],"replies":[{"embeddable":true,"href":"https:\/\/intest.inapp.org\/accreditamento\/wp-json\/wp\/v2\/comments?post=60"}],"version-history":[{"count":2,"href":"https:\/\/intest.inapp.org\/accreditamento\/wp-json\/wp\/v2\/pages\/60\/revisions"}],"predecessor-version":[{"id":30302,"href":"https:\/\/intest.inapp.org\/accreditamento\/wp-json\/wp\/v2\/pages\/60\/revisions\/30302"}],"up":[{"embeddable":true,"href":"https:\/\/intest.inapp.org\/accreditamento\/wp-json\/wp\/v2\/pages\/2"}],"wp:attachment":[{"href":"https:\/\/intest.inapp.org\/accreditamento\/wp-json\/wp\/v2\/media?parent=60"}],"curies":[{"name":"wp","href":"https:\/\/api.w.org\/{rel}","templated":true}]}}