{"id":354,"date":"2024-10-17T21:11:44","date_gmt":"2024-10-17T19:11:44","guid":{"rendered":"https:\/\/ww7.inapp.org\/atlantelavoro\/?page_id=354"},"modified":"2024-10-17T21:11:44","modified_gmt":"2024-10-17T19:11:44","slug":"secondo-ciclo-di-istruzione-e-formazione","status":"publish","type":"page","link":"https:\/\/intest.inapp.org\/atlantelavoro\/repertorio-nazionale-qualificazioni\/per-saperne-di-piu\/secondo-ciclo-di-istruzione-e-formazione\/","title":{"rendered":"Per saperne di pi\u00f9 del Secondo ciclo di istruzione e formazione"},"content":{"rendered":"\n<figure class=\"wp-block-image size-full\"><img decoding=\"async\" src=\"https:\/\/ww7.inapp.org\/atlantelavoro\/wp-content\/uploads\/sites\/8\/2024\/10\/repertorio_per_spernedipiu_1-scaled.jpg\" alt=\"\" class=\"wp-image-355\" \/><\/figure>\n\n\n\n<p>Comprende Licei, Istituti tecnici e professionali, percorsi di Istruzione e Formazione Professionale (IeFP) triennali e quadriennali. \u00c8 articolato in due sistemi paralleli: quello dell&#8217;<strong>istruzione secondaria di secondo grado<\/strong> di competenza del Ministero dell&#8217;Istruzione e del Merito, e quello di <strong><strong>Istruzione e Formazione Professionale <\/strong>(IeFP) <\/strong>di competenza delle<strong> <\/strong>Regioni e delle Province autonome.<\/p>\n\n\n\n<p>I percorsi dell&#8217;istruzione secondaria II grado possono avere durata quinquennale o quadriennale.<br>Al termine degli studi \u00e8 previsto il rilascio del Diploma di istruzione secondaria di secondo grado (liceale, tecnico o professionale) che d\u00e0 accesso all&#8217;istruzione e formazione terziaria, sia di natura universitaria (Universit\u00e0, sistema dell&#8217;<strong>Alta Formazione Artistica, musicale e coreutica<\/strong>) sia di natura non universitaria (&#8216;Istruzione Tecnologica Superiore &#8211; ITS <em>Academy<\/em>).<\/p>\n\n\n\n<p>I percorsi IeFP sono articolati in:<\/p>\n\n\n\n<ul><li><strong>percorsi triennali<\/strong> per il conseguimento di una qualifica professionale che consente di proseguire nei percorsi di quarto anno della IeFP per il conseguimento del diploma o nei percorsi dell&#8217;istruzione professionale, per conseguire il diploma di istruzione secondaria superiore;<\/li><li><strong>percorsi quadriennali<\/strong> per il conseguimento di un diploma professionale che consente di proseguire nei percorsi dell&#8217;istruzione professionale per ottenere il diploma di istruzione secondaria superiore, oppure proseguire in un percorso annuale di Istruzione e Formazione Tecnica Superiore (IFTS) per accedere successivamente ai percorsi degli Istituti Tecnologici Superiori (ITS <em>Academy<\/em>). \u00c8 possibile inoltre sostenere, come privatista, l&#8217;esame di Stato per ottenere il diploma di istruzione secondaria superiore. Sono previsti anche due ulteriori percorsi: un anno integrativo realizzato d&#8217;intesa con le universit\u00e0 con l&#8217;alta formazione artistica, musicale e coreutica, o un anno integrativo che pu\u00f2 essere organizzato dalle Regioni e Province autonome.<\/li><\/ul>\n","protected":false},"excerpt":{"rendered":"<p>Comprende Licei, Istituti tecnici e professionali, percorsi di Istruzione e Formazione Professionale (IeFP) triennali e quadriennali. \u00c8 articolato in due sistemi paralleli: quello dell&#8217;istruzione secondaria di secondo grado di competenza del Ministero dell&#8217;Istruzione e del Merito, e quello di Istruzione e Formazione Professionale (IeFP) di competenza delle Regioni e delle Province autonome. I percorsi dell&#8217;istruzione [&hellip;]<\/p>\n","protected":false},"author":1,"featured_media":0,"parent":351,"menu_order":0,"comment_status":"closed","ping_status":"closed","template":"pagina-intera.php","meta":{"footnotes":""},"acf":[],"yoast_head":"<!-- This site is optimized with the Yoast SEO plugin v21.1 - https:\/\/yoast.com\/wordpress\/plugins\/seo\/ -->\n<title>Per saperne di pi\u00f9 del Secondo ciclo di istruzione e formazione - Atlante Lavoro<\/title>\n<meta name=\"robots\" content=\"index, follow, max-snippet:-1, max-image-preview:large, max-video-preview:-1\" \/>\n<link rel=\"canonical\" href=\"https:\/\/intest.inapp.org\/atlantelavoro\/repertorio-nazionale-qualificazioni\/per-saperne-di-piu\/secondo-ciclo-di-istruzione-e-formazione\/\" \/>\n<meta property=\"og:locale\" content=\"it_IT\" \/>\n<meta property=\"og:type\" content=\"article\" \/>\n<meta property=\"og:title\" content=\"Per saperne di pi\u00f9 del Secondo ciclo di istruzione e formazione - Atlante Lavoro\" \/>\n<meta property=\"og:description\" content=\"Comprende Licei, Istituti tecnici e professionali, percorsi di Istruzione e Formazione Professionale (IeFP) triennali e quadriennali. \u00c8 articolato in due sistemi paralleli: quello dell&#8217;istruzione secondaria di secondo grado di competenza del Ministero dell&#8217;Istruzione e del Merito, e quello di Istruzione e Formazione Professionale (IeFP) di competenza delle Regioni e delle Province autonome. I percorsi dell&#8217;istruzione [&hellip;]\" \/>\n<meta property=\"og:url\" content=\"https:\/\/intest.inapp.org\/atlantelavoro\/repertorio-nazionale-qualificazioni\/per-saperne-di-piu\/secondo-ciclo-di-istruzione-e-formazione\/\" \/>\n<meta property=\"og:site_name\" content=\"Atlante Lavoro\" \/>\n<meta property=\"og:image\" content=\"https:\/\/ww7.inapp.org\/atlantelavoro\/wp-content\/uploads\/sites\/8\/2024\/10\/repertorio_per_spernedipiu_1-scaled.jpg\" \/>\n<meta name=\"twitter:card\" content=\"summary_large_image\" \/>\n<meta name=\"twitter:label1\" content=\"Tempo di lettura stimato\" \/>\n\t<meta name=\"twitter:data1\" content=\"2 minuti\" \/>\n<script type=\"application\/ld+json\" class=\"yoast-schema-graph\">{\"@context\":\"https:\/\/schema.org\",\"@graph\":[{\"@type\":\"WebPage\",\"@id\":\"https:\/\/intest.inapp.org\/atlantelavoro\/repertorio-nazionale-qualificazioni\/per-saperne-di-piu\/secondo-ciclo-di-istruzione-e-formazione\/\",\"url\":\"https:\/\/intest.inapp.org\/atlantelavoro\/repertorio-nazionale-qualificazioni\/per-saperne-di-piu\/secondo-ciclo-di-istruzione-e-formazione\/\",\"name\":\"Per saperne di pi\u00f9 del Secondo ciclo di istruzione e formazione - Atlante Lavoro\",\"isPartOf\":{\"@id\":\"https:\/\/intest.inapp.org\/atlantelavoro\/#website\"},\"datePublished\":\"2024-10-17T19:11:44+00:00\",\"dateModified\":\"2024-10-17T19:11:44+00:00\",\"breadcrumb\":{\"@id\":\"https:\/\/intest.inapp.org\/atlantelavoro\/repertorio-nazionale-qualificazioni\/per-saperne-di-piu\/secondo-ciclo-di-istruzione-e-formazione\/#breadcrumb\"},\"inLanguage\":\"it-IT\",\"potentialAction\":[{\"@type\":\"ReadAction\",\"target\":[\"https:\/\/intest.inapp.org\/atlantelavoro\/repertorio-nazionale-qualificazioni\/per-saperne-di-piu\/secondo-ciclo-di-istruzione-e-formazione\/\"]}]},{\"@type\":\"BreadcrumbList\",\"@id\":\"https:\/\/intest.inapp.org\/atlantelavoro\/repertorio-nazionale-qualificazioni\/per-saperne-di-piu\/secondo-ciclo-di-istruzione-e-formazione\/#breadcrumb\",\"itemListElement\":[{\"@type\":\"ListItem\",\"position\":1,\"name\":\"Home\",\"item\":\"https:\/\/intest.inapp.org\/atlantelavoro\/\"},{\"@type\":\"ListItem\",\"position\":2,\"name\":\"Repertorio Nazionale delle Qualificazioni\",\"item\":\"https:\/\/intest.inapp.org\/atlantelavoro\/repertorio-nazionale-qualificazioni\/\"},{\"@type\":\"ListItem\",\"position\":3,\"name\":\"Per saperne di pi\u00f9 del Repertorio Nazionale delle Qualificazioni\",\"item\":\"https:\/\/intest.inapp.org\/atlantelavoro\/repertorio-nazionale-qualificazioni\/per-saperne-di-piu\/\"},{\"@type\":\"ListItem\",\"position\":4,\"name\":\"Per saperne di pi\u00f9 del Secondo ciclo di istruzione e formazione\"}]},{\"@type\":\"WebSite\",\"@id\":\"https:\/\/intest.inapp.org\/atlantelavoro\/#website\",\"url\":\"https:\/\/intest.inapp.org\/atlantelavoro\/\",\"name\":\"Atlante Lavoro\",\"description\":\"\",\"potentialAction\":[{\"@type\":\"SearchAction\",\"target\":{\"@type\":\"EntryPoint\",\"urlTemplate\":\"https:\/\/intest.inapp.org\/atlantelavoro\/?s={search_term_string}\"},\"query-input\":\"required name=search_term_string\"}],\"inLanguage\":\"it-IT\"}]}<\/script>\n<!-- \/ Yoast SEO plugin. -->","yoast_head_json":{"title":"Per saperne di pi\u00f9 del Secondo ciclo di istruzione e formazione - Atlante Lavoro","robots":{"index":"index","follow":"follow","max-snippet":"max-snippet:-1","max-image-preview":"max-image-preview:large","max-video-preview":"max-video-preview:-1"},"canonical":"https:\/\/intest.inapp.org\/atlantelavoro\/repertorio-nazionale-qualificazioni\/per-saperne-di-piu\/secondo-ciclo-di-istruzione-e-formazione\/","og_locale":"it_IT","og_type":"article","og_title":"Per saperne di pi\u00f9 del Secondo ciclo di istruzione e formazione - Atlante Lavoro","og_description":"Comprende Licei, Istituti tecnici e professionali, percorsi di Istruzione e Formazione Professionale (IeFP) triennali e quadriennali. \u00c8 articolato in due sistemi paralleli: quello dell&#8217;istruzione secondaria di secondo grado di competenza del Ministero dell&#8217;Istruzione e del Merito, e quello di Istruzione e Formazione Professionale (IeFP) di competenza delle Regioni e delle Province autonome. I percorsi dell&#8217;istruzione [&hellip;]","og_url":"https:\/\/intest.inapp.org\/atlantelavoro\/repertorio-nazionale-qualificazioni\/per-saperne-di-piu\/secondo-ciclo-di-istruzione-e-formazione\/","og_site_name":"Atlante Lavoro","og_image":[{"url":"https:\/\/ww7.inapp.org\/atlantelavoro\/wp-content\/uploads\/sites\/8\/2024\/10\/repertorio_per_spernedipiu_1-scaled.jpg"}],"twitter_card":"summary_large_image","twitter_misc":{"Tempo di lettura stimato":"2 minuti"},"schema":{"@context":"https:\/\/schema.org","@graph":[{"@type":"WebPage","@id":"https:\/\/intest.inapp.org\/atlantelavoro\/repertorio-nazionale-qualificazioni\/per-saperne-di-piu\/secondo-ciclo-di-istruzione-e-formazione\/","url":"https:\/\/intest.inapp.org\/atlantelavoro\/repertorio-nazionale-qualificazioni\/per-saperne-di-piu\/secondo-ciclo-di-istruzione-e-formazione\/","name":"Per saperne di pi\u00f9 del Secondo ciclo di istruzione e formazione - Atlante Lavoro","isPartOf":{"@id":"https:\/\/intest.inapp.org\/atlantelavoro\/#website"},"datePublished":"2024-10-17T19:11:44+00:00","dateModified":"2024-10-17T19:11:44+00:00","breadcrumb":{"@id":"https:\/\/intest.inapp.org\/atlantelavoro\/repertorio-nazionale-qualificazioni\/per-saperne-di-piu\/secondo-ciclo-di-istruzione-e-formazione\/#breadcrumb"},"inLanguage":"it-IT","potentialAction":[{"@type":"ReadAction","target":["https:\/\/intest.inapp.org\/atlantelavoro\/repertorio-nazionale-qualificazioni\/per-saperne-di-piu\/secondo-ciclo-di-istruzione-e-formazione\/"]}]},{"@type":"BreadcrumbList","@id":"https:\/\/intest.inapp.org\/atlantelavoro\/repertorio-nazionale-qualificazioni\/per-saperne-di-piu\/secondo-ciclo-di-istruzione-e-formazione\/#breadcrumb","itemListElement":[{"@type":"ListItem","position":1,"name":"Home","item":"https:\/\/intest.inapp.org\/atlantelavoro\/"},{"@type":"ListItem","position":2,"name":"Repertorio Nazionale delle Qualificazioni","item":"https:\/\/intest.inapp.org\/atlantelavoro\/repertorio-nazionale-qualificazioni\/"},{"@type":"ListItem","position":3,"name":"Per saperne di pi\u00f9 del Repertorio Nazionale delle Qualificazioni","item":"https:\/\/intest.inapp.org\/atlantelavoro\/repertorio-nazionale-qualificazioni\/per-saperne-di-piu\/"},{"@type":"ListItem","position":4,"name":"Per saperne di pi\u00f9 del Secondo ciclo di istruzione e formazione"}]},{"@type":"WebSite","@id":"https:\/\/intest.inapp.org\/atlantelavoro\/#website","url":"https:\/\/intest.inapp.org\/atlantelavoro\/","name":"Atlante Lavoro","description":"","potentialAction":[{"@type":"SearchAction","target":{"@type":"EntryPoint","urlTemplate":"https:\/\/intest.inapp.org\/atlantelavoro\/?s={search_term_string}"},"query-input":"required name=search_term_string"}],"inLanguage":"it-IT"}]}},"_links":{"self":[{"href":"https:\/\/intest.inapp.org\/atlantelavoro\/wp-json\/wp\/v2\/pages\/354"}],"collection":[{"href":"https:\/\/intest.inapp.org\/atlantelavoro\/wp-json\/wp\/v2\/pages"}],"about":[{"href":"https:\/\/intest.inapp.org\/atlantelavoro\/wp-json\/wp\/v2\/types\/page"}],"author":[{"embeddable":true,"href":"https:\/\/intest.inapp.org\/atlantelavoro\/wp-json\/wp\/v2\/users\/1"}],"replies":[{"embeddable":true,"href":"https:\/\/intest.inapp.org\/atlantelavoro\/wp-json\/wp\/v2\/comments?post=354"}],"version-history":[{"count":0,"href":"https:\/\/intest.inapp.org\/atlantelavoro\/wp-json\/wp\/v2\/pages\/354\/revisions"}],"up":[{"embeddable":true,"href":"https:\/\/intest.inapp.org\/atlantelavoro\/wp-json\/wp\/v2\/pages\/351"}],"wp:attachment":[{"href":"https:\/\/intest.inapp.org\/atlantelavoro\/wp-json\/wp\/v2\/media?parent=354"}],"curies":[{"name":"wp","href":"https:\/\/api.w.org\/{rel}","templated":true}]}}