{"id":41,"date":"2022-09-29T22:04:04","date_gmt":"2022-09-29T20:04:04","guid":{"rendered":"https:\/\/ww7.inapp.org\/atlantelavoro\/?page_id=41"},"modified":"2022-09-29T22:04:04","modified_gmt":"2022-09-29T20:04:04","slug":"esplora-atlante-lavoro","status":"publish","type":"page","link":"https:\/\/intest.inapp.org\/atlantelavoro\/esplora-atlante-lavoro\/","title":{"rendered":"Atlante Lavoro"},"content":{"rendered":"\n<p>La descrizione dei contenuti del lavoro proposta nell\u2019Atlante \u00e8 consultabile attraverso uno schema di classificazione ad albero che, a partire dai rami principali costituiti dai <strong>Settori economico &#8211; professionali (SEP)<\/strong>, via via identifica all\u2019interno di essi i principali <strong>Processi di lavoro<\/strong> a loro volta suddivisi in <strong>Sequenze di processo<\/strong> e <strong>Aree di attivit\u00e0 (ADA)<\/strong>. L\u2019ADA contiene la descrizione delle singole attivit\u00e0 che la costituiscono, i prodotti e i servizi attesi nonch\u00e9 i riferimenti ai codici statistici delle classificazioni ISTAT relative alle attivit\u00e0 economiche e alle professioni.<\/p>\n\n\n\n<p><a style=\"text-decoration: underline\" data-type=\"page\" data-id=\"58\" href=\"https:\/\/ww7.inapp.org\/atlantelavoro\/esplora-atlante-lavoro\/cose-atlante-lavoro\/\"><strong>Per saperne di pi\u00f9&#8230;<\/strong><\/a><\/p>\n\n\n\n<p><\/p>\n","protected":false},"excerpt":{"rendered":"<p>La descrizione dei contenuti del lavoro proposta nell\u2019Atlante \u00e8 consultabile attraverso uno schema di classificazione ad albero che, a partire dai rami principali costituiti dai Settori economico &#8211; professionali (SEP), via via identifica all\u2019interno di essi i principali Processi di lavoro a loro volta suddivisi in Sequenze di processo e Aree di attivit\u00e0 (ADA). L\u2019ADA [&hellip;]<\/p>\n","protected":false},"author":1,"featured_media":0,"parent":0,"menu_order":0,"comment_status":"closed","ping_status":"closed","template":"esplora-ada.php","meta":{"footnotes":""},"acf":[],"yoast_head":"<!-- This site is optimized with the Yoast SEO plugin v21.1 - https:\/\/yoast.com\/wordpress\/plugins\/seo\/ -->\n<title>Atlante Lavoro - Atlante Lavoro<\/title>\n<meta name=\"robots\" content=\"index, follow, max-snippet:-1, max-image-preview:large, max-video-preview:-1\" \/>\n<link rel=\"canonical\" href=\"https:\/\/intest.inapp.org\/atlantelavoro\/esplora-atlante-lavoro\/\" \/>\n<meta property=\"og:locale\" content=\"it_IT\" \/>\n<meta property=\"og:type\" content=\"article\" \/>\n<meta property=\"og:title\" content=\"Atlante Lavoro - Atlante Lavoro\" \/>\n<meta property=\"og:description\" content=\"La descrizione dei contenuti del lavoro proposta nell\u2019Atlante \u00e8 consultabile attraverso uno schema di classificazione ad albero che, a partire dai rami principali costituiti dai Settori economico &#8211; professionali (SEP), via via identifica all\u2019interno di essi i principali Processi di lavoro a loro volta suddivisi in Sequenze di processo e Aree di attivit\u00e0 (ADA). L\u2019ADA [&hellip;]\" \/>\n<meta property=\"og:url\" content=\"https:\/\/intest.inapp.org\/atlantelavoro\/esplora-atlante-lavoro\/\" \/>\n<meta property=\"og:site_name\" content=\"Atlante Lavoro\" \/>\n<meta name=\"twitter:card\" content=\"summary_large_image\" \/>\n<meta name=\"twitter:label1\" content=\"Tempo di lettura stimato\" \/>\n\t<meta name=\"twitter:data1\" content=\"1 minuto\" \/>\n<script type=\"application\/ld+json\" class=\"yoast-schema-graph\">{\"@context\":\"https:\/\/schema.org\",\"@graph\":[{\"@type\":\"WebPage\",\"@id\":\"https:\/\/intest.inapp.org\/atlantelavoro\/esplora-atlante-lavoro\/\",\"url\":\"https:\/\/intest.inapp.org\/atlantelavoro\/esplora-atlante-lavoro\/\",\"name\":\"Atlante Lavoro - Atlante Lavoro\",\"isPartOf\":{\"@id\":\"https:\/\/intest.inapp.org\/atlantelavoro\/#website\"},\"datePublished\":\"2022-09-29T20:04:04+00:00\",\"dateModified\":\"2022-09-29T20:04:04+00:00\",\"breadcrumb\":{\"@id\":\"https:\/\/intest.inapp.org\/atlantelavoro\/esplora-atlante-lavoro\/#breadcrumb\"},\"inLanguage\":\"it-IT\",\"potentialAction\":[{\"@type\":\"ReadAction\",\"target\":[\"https:\/\/intest.inapp.org\/atlantelavoro\/esplora-atlante-lavoro\/\"]}]},{\"@type\":\"BreadcrumbList\",\"@id\":\"https:\/\/intest.inapp.org\/atlantelavoro\/esplora-atlante-lavoro\/#breadcrumb\",\"itemListElement\":[{\"@type\":\"ListItem\",\"position\":1,\"name\":\"Home\",\"item\":\"https:\/\/intest.inapp.org\/atlantelavoro\/\"},{\"@type\":\"ListItem\",\"position\":2,\"name\":\"Atlante Lavoro\"}]},{\"@type\":\"WebSite\",\"@id\":\"https:\/\/intest.inapp.org\/atlantelavoro\/#website\",\"url\":\"https:\/\/intest.inapp.org\/atlantelavoro\/\",\"name\":\"Atlante Lavoro\",\"description\":\"\",\"potentialAction\":[{\"@type\":\"SearchAction\",\"target\":{\"@type\":\"EntryPoint\",\"urlTemplate\":\"https:\/\/intest.inapp.org\/atlantelavoro\/?s={search_term_string}\"},\"query-input\":\"required name=search_term_string\"}],\"inLanguage\":\"it-IT\"}]}<\/script>\n<!-- \/ Yoast SEO plugin. -->","yoast_head_json":{"title":"Atlante Lavoro - Atlante Lavoro","robots":{"index":"index","follow":"follow","max-snippet":"max-snippet:-1","max-image-preview":"max-image-preview:large","max-video-preview":"max-video-preview:-1"},"canonical":"https:\/\/intest.inapp.org\/atlantelavoro\/esplora-atlante-lavoro\/","og_locale":"it_IT","og_type":"article","og_title":"Atlante Lavoro - Atlante Lavoro","og_description":"La descrizione dei contenuti del lavoro proposta nell\u2019Atlante \u00e8 consultabile attraverso uno schema di classificazione ad albero che, a partire dai rami principali costituiti dai Settori economico &#8211; professionali (SEP), via via identifica all\u2019interno di essi i principali Processi di lavoro a loro volta suddivisi in Sequenze di processo e Aree di attivit\u00e0 (ADA). L\u2019ADA [&hellip;]","og_url":"https:\/\/intest.inapp.org\/atlantelavoro\/esplora-atlante-lavoro\/","og_site_name":"Atlante Lavoro","twitter_card":"summary_large_image","twitter_misc":{"Tempo di lettura stimato":"1 minuto"},"schema":{"@context":"https:\/\/schema.org","@graph":[{"@type":"WebPage","@id":"https:\/\/intest.inapp.org\/atlantelavoro\/esplora-atlante-lavoro\/","url":"https:\/\/intest.inapp.org\/atlantelavoro\/esplora-atlante-lavoro\/","name":"Atlante Lavoro - Atlante Lavoro","isPartOf":{"@id":"https:\/\/intest.inapp.org\/atlantelavoro\/#website"},"datePublished":"2022-09-29T20:04:04+00:00","dateModified":"2022-09-29T20:04:04+00:00","breadcrumb":{"@id":"https:\/\/intest.inapp.org\/atlantelavoro\/esplora-atlante-lavoro\/#breadcrumb"},"inLanguage":"it-IT","potentialAction":[{"@type":"ReadAction","target":["https:\/\/intest.inapp.org\/atlantelavoro\/esplora-atlante-lavoro\/"]}]},{"@type":"BreadcrumbList","@id":"https:\/\/intest.inapp.org\/atlantelavoro\/esplora-atlante-lavoro\/#breadcrumb","itemListElement":[{"@type":"ListItem","position":1,"name":"Home","item":"https:\/\/intest.inapp.org\/atlantelavoro\/"},{"@type":"ListItem","position":2,"name":"Atlante Lavoro"}]},{"@type":"WebSite","@id":"https:\/\/intest.inapp.org\/atlantelavoro\/#website","url":"https:\/\/intest.inapp.org\/atlantelavoro\/","name":"Atlante Lavoro","description":"","potentialAction":[{"@type":"SearchAction","target":{"@type":"EntryPoint","urlTemplate":"https:\/\/intest.inapp.org\/atlantelavoro\/?s={search_term_string}"},"query-input":"required name=search_term_string"}],"inLanguage":"it-IT"}]}},"_links":{"self":[{"href":"https:\/\/intest.inapp.org\/atlantelavoro\/wp-json\/wp\/v2\/pages\/41"}],"collection":[{"href":"https:\/\/intest.inapp.org\/atlantelavoro\/wp-json\/wp\/v2\/pages"}],"about":[{"href":"https:\/\/intest.inapp.org\/atlantelavoro\/wp-json\/wp\/v2\/types\/page"}],"author":[{"embeddable":true,"href":"https:\/\/intest.inapp.org\/atlantelavoro\/wp-json\/wp\/v2\/users\/1"}],"replies":[{"embeddable":true,"href":"https:\/\/intest.inapp.org\/atlantelavoro\/wp-json\/wp\/v2\/comments?post=41"}],"version-history":[{"count":0,"href":"https:\/\/intest.inapp.org\/atlantelavoro\/wp-json\/wp\/v2\/pages\/41\/revisions"}],"wp:attachment":[{"href":"https:\/\/intest.inapp.org\/atlantelavoro\/wp-json\/wp\/v2\/media?parent=41"}],"curies":[{"name":"wp","href":"https:\/\/api.w.org\/{rel}","templated":true}]}}