{"id":421,"date":"2024-11-18T15:41:50","date_gmt":"2024-11-18T14:41:50","guid":{"rendered":"https:\/\/ww7.inapp.org\/atlantelavoro\/?page_id=421"},"modified":"2024-11-18T15:41:50","modified_gmt":"2024-11-18T14:41:50","slug":"per-saperne-di-piu-di-professioni-regolamentate","status":"publish","type":"page","link":"https:\/\/intest.inapp.org\/atlantelavoro\/atlante-e-professioni\/per-saperne-di-piu-di-professioni-regolamentate\/","title":{"rendered":"Per saperne di pi\u00f9 di professioni regolamentate"},"content":{"rendered":"\n<figure class=\"wp-block-image size-full\"><img decoding=\"async\" src=\"https:\/\/ww7.inapp.org\/atlantelavoro\/wp-content\/uploads\/sites\/8\/2024\/12\/unnamed-scaled.jpg\" alt=\"professioni regolamentate\" class=\"wp-image-793\" \/><\/figure>\n\n\n\n<p>Nell\u2019 Atlante sono raccolte le professioni, la formazione e le attivit\u00e0 riservate, cos\u00ec come definite ai sensi del Decreto ministeriale 5 gennaio 2021 e navigabili in base alla referenziazione ai SEP. \u00c8 importante evidenziare che tale referenziazione non ha alcun effetto diretto sulle professioni, n\u00e9 in termini di contenuti, n\u00e9 sulla relazione diretta con le classificazioni ISTAT CP 2021 e ATECO 2007.&nbsp;<\/p>\n\n\n\n<p>L\u2019associazione di una professione regolamentata alle ADA non implica automaticamente che tutte le attivit\u00e0 descritte all\u2019interno dell\u2019ADA siano riservate esclusivamente a tale professione. Pertanto, non \u00e8 applicabile in modo meccanicistico il principio della totale corrispondenza, secondo cui &#8220;tutte le attivit\u00e0 tracciate nell\u2019ADA sono riservate a una professione regolamentata&#8221;. All\u2019interno di una singola ADA possono infatti coesistere attivit\u00e0 riservate &#8220;in esclusiva&#8221; alla professione regolamentata (anche se non ancora esplicitamente identificate e contrassegnate come tali in Atlante), attivit\u00e0 non riservate e attivit\u00e0 condivise con altre professioni regolamentate.<\/p>\n\n\n\n<p>Le fattispecie definite ai sensi del Decreto ministeriale 5 gennaio 2021 sono:<\/p>\n\n\n\n<p><strong>\u201cProfessione regolamentata\u201d: <\/strong>1) l&#8217;attivit\u00e0, o l&#8217;insieme delle attivit\u00e0, il cui esercizio \u00e8 consentito solo a seguito di iscrizione in Ordini o Collegi o in albi, registri ed elenchi tenuti da amministrazioni o enti pubblici, se l&#8217;iscrizione \u00e8 subordinata al possesso di qualifiche professionali o all&#8217;accertamento delle specifiche professionalit\u00e0; 2) i rapporti di lavoro subordinato, se l&#8217;accesso ai medesimi \u00e8 subordinato, da disposizioni legislative o regolamentari, al possesso di qualifiche professionali; 3) l&#8217;attivit\u00e0 esercitata con l&#8217;impiego di un titolo professionale il cui uso \u00e8 riservato a chi possiede una qualifica professionale; 4) le attivit\u00e0 attinenti al settore sanitario nei casi in cui il possesso di una qualifica professionale \u00e8 condizione determinante ai fini 8 della retribuzione delle relative prestazioni o della ammissione al rimborso; 5) le professioni esercitate dai membri di un&#8217;associazione o di un organismo di cui all&#8217;Allegato I del decreto legislativo 9 novembre 2007, n. 206.&nbsp;<\/p>\n\n\n\n<p><strong>\u201cFormazione regolamentata\u201d<\/strong>: qualsiasi formazione che, secondo le prescrizioni vigenti, \u00e8 specificamente orientata all&#8217;esercizio di una determinata professione e consiste in un ciclo di studi completato, eventualmente, da una formazione professionale, un tirocinio professionale o una pratica professionale, secondo modalit\u00e0 stabilite dalla legge.<\/p>\n\n\n\n<p><strong>\u201cAttivit\u00e0 di lavoro riservata\u201d<\/strong>: attivit\u00e0 riservata a persone iscritte in albi o elenchi ai sensi dell&#8217;articolo 2229 del codice civile nonch\u00e9 alle figure ausiliare delle professioni sanitarie e ai mestieri artigianali, commerciali e di pubblico esercizio disciplinati da specifiche normative.<\/p>\n\n\n\n<p>Nella sezione \u201c<strong>Professioni, formazione e attivit\u00e0 regolamentate<\/strong>\u201d, le professioni, le attivit\u00e0 ed i percorsi formativi regolamentati sono definiti secondo alcuni di molteplici e possibili principi classificatori (anche secondo il principio di relazione uno a molti: una professione pu\u00f2 aderire a diverse fattispecie) di seguito presentati:<\/p>\n\n\n\n<ul><li><strong>Professioni\/attivit\u00e0\/formazione regolamentate afferenti alla Direttiva 2005\/36\/CE del Parlamento Europeo e del Consiglio del 7 settembre 2005 relativa al riconoscimento delle qualifiche professionali e s.m.i. recepite nell\u2019ordinamento nazionale.<\/strong> Al presente sono oggetto della Direttiva professioni ed attivit\u00e0 regolamentate, fra loro molto diversificate per ordinamento giuridico nazionale, contenuto e autorit\u00e0 competente per il riconoscimento del titolo professionale. L\u2019elenco di tali professioni \u00e8 reperibile nei data base della Commissione Europea e del Dipartimento affari europei \u2013 Presidenza Consiglio dei Ministri.<br>Nell\u2019elenco delle professioni soggette alla Direttiva 2005\/36\/CE e s.m.i. sono ricomprese:<br>&#8211; tutte le professioni organizzate in Ordini o Collegi;<br>&#8211; un insieme di professioni sportive, che vedono il CONI quale autorit\u00e0 competente;<br>&#8211; un insieme di professioni che rimandano direttamente a competenze dello Stato;- un insieme di professioni ed attivit\u00e0&nbsp; la cui formazione regolamentata rientra nella competenza delle Regioni.<\/li><li><strong>Professioni e attivit\u00e0 regolamentate per il cui esercizio \u00e8 necessario il possesso di un titolo di istruzione secondaria superiore o terziaria&nbsp; <\/strong>(a titolarit\u00e0 del Ministero dell\u2019Istruzione e del Merito o del Ministero dell\u2019Universit\u00e0 e della Ricerca).<\/li><li><strong>Professioni e attivit\u00e0 regolamentate il cui esercizio \u00e8 previsto successivamente alla frequenza di corsi di formazione e\/o al superamento di esami a titolarit\u00e0 di istituzioni e soggetti pubblici nazionali <\/strong>(ed eventuali loro emanazioni territoriali). Sono ricomprese in questa tipologia, a titolo di esempio,&nbsp; le professioni sportive, che vedono il CONI quale autorit\u00e0 competente, la Guida Turistica la cui abilitazione prevede il superamento di un esame stabilito dal Ministero del Turismo.<\/li><li><strong>Professioni, attivit\u00e0 e percorsi formativi a titolarit\u00e0 regionale<\/strong>, regolamentati sulla base di leggi o normativa derivata, in principio di rango nazionale, che demanda a legislazione regionale la disciplina delle stesse, direttamente o attraverso accordi siglati in Conferenza Stato Regioni o in Conferenza delle Regioni. Gli Accordi siglati in Conferenza Stato &#8211; Regioni o&nbsp; Conferenza delle Regioni,&nbsp; normano prevalentemente i percorsi formativi obbligatori di competenza regionale necessari per ottenere l\u2019abilitazione all\u2019esercizio di una&nbsp; professione\/attivit\u00e0 o per accedere all\u2019esame abilitante, non necessariamente di&nbsp; competenza regionale (a titolo di esempio \u201cIspettore dei centri di controllo privati autorizzati all\u2019effettuazione della revisione dei veicoli a motore\u201d&nbsp; ove la formazione obbligatoria \u00e8 competenza delle Regioni mentre l\u2019esame di abilitazione \u00e8 competenza del Ministero dei Trasporti per il tramite di organismi territoriali). Le professioni o attivit\u00e0 regolamentate a competenza formativa regionale possono prevedere anche una titolarit\u00e0 nazionale, a titolo di esempio l\u2019Installatore e manutentore straordinario di impianti energetici alimentati da fonti rinnovabili, la cui abilitazione \u00e8 conseguibile sia con percorso formativo regionale regolamentato che con diploma di laurea o diploma tecnico. Esistono infine attivit\u00e0 regolamentate a titolarit\u00e0 esclusivamente regionale, sulla base di specifiche norme da essi adottate.<\/li><li><strong>Professioni che richiedono l\u2019iscrizione a Ordini o Collegi<\/strong>: professioni il cui esercizio \u00e8 possibile solo a seguito di iscrizione ad un Ordine o un Collegio secondo quanto previsto dal Decreto Legislativo luogotenenziale 23 novembre 1944, n. 382 e successive modifiche e integrazioni. Tali professioni prevedono il possesso&nbsp; di un titolo di istruzione secondaria superiore o terziaria ed in molti casi il superamento di un esame di stato<\/li><li><strong>Qualificazione internazionale<\/strong>: qualificazione, rilasciata da un organismo internazionale legalmente costituito (associazione, organizzazione, settore o impresa) o da un organismo nazionale che agisce a nome di un organismo internazionale, che \u00e8 utilizzata in pi\u00f9 di un Paese e include i risultati dell\u2019apprendimento, valutati facendo riferimento alle norme stabilite da un organismo internazionale (Fonte: Raccomandazione UE su quadro europeo EQF, 22 maggio 2017)<\/li><\/ul>\n","protected":false},"excerpt":{"rendered":"<p>Nell\u2019 Atlante sono raccolte le professioni, la formazione e le attivit\u00e0 riservate, cos\u00ec come definite ai sensi del Decreto ministeriale 5 gennaio 2021 e navigabili in base alla referenziazione ai SEP. \u00c8 importante evidenziare che tale referenziazione non ha alcun effetto diretto sulle professioni, n\u00e9 in termini di contenuti, n\u00e9 sulla relazione diretta con le [&hellip;]<\/p>\n","protected":false},"author":1,"featured_media":0,"parent":54,"menu_order":0,"comment_status":"closed","ping_status":"closed","template":"pagina-intera.php","meta":{"footnotes":""},"acf":[],"yoast_head":"<!-- This site is optimized with the Yoast SEO plugin v21.1 - https:\/\/yoast.com\/wordpress\/plugins\/seo\/ -->\n<title>Per saperne di pi\u00f9 di professioni regolamentate - Atlante Lavoro<\/title>\n<meta name=\"robots\" content=\"index, follow, max-snippet:-1, max-image-preview:large, max-video-preview:-1\" \/>\n<link rel=\"canonical\" href=\"https:\/\/intest.inapp.org\/atlantelavoro\/atlante-e-professioni\/per-saperne-di-piu-di-professioni-regolamentate\/\" \/>\n<meta property=\"og:locale\" content=\"it_IT\" \/>\n<meta property=\"og:type\" content=\"article\" \/>\n<meta property=\"og:title\" content=\"Per saperne di pi\u00f9 di professioni regolamentate - Atlante Lavoro\" \/>\n<meta property=\"og:description\" content=\"Nell\u2019 Atlante sono raccolte le professioni, la formazione e le attivit\u00e0 riservate, cos\u00ec come definite ai sensi del Decreto ministeriale 5 gennaio 2021 e navigabili in base alla referenziazione ai SEP. \u00c8 importante evidenziare che tale referenziazione non ha alcun effetto diretto sulle professioni, n\u00e9 in termini di contenuti, n\u00e9 sulla relazione diretta con le [&hellip;]\" \/>\n<meta property=\"og:url\" content=\"https:\/\/intest.inapp.org\/atlantelavoro\/atlante-e-professioni\/per-saperne-di-piu-di-professioni-regolamentate\/\" \/>\n<meta property=\"og:site_name\" content=\"Atlante Lavoro\" \/>\n<meta property=\"og:image\" content=\"https:\/\/ww7.inapp.org\/atlantelavoro\/wp-content\/uploads\/sites\/8\/2024\/12\/unnamed-scaled.jpg\" \/>\n<meta name=\"twitter:card\" content=\"summary_large_image\" \/>\n<meta name=\"twitter:label1\" content=\"Tempo di lettura stimato\" \/>\n\t<meta name=\"twitter:data1\" content=\"6 minuti\" \/>\n<script type=\"application\/ld+json\" class=\"yoast-schema-graph\">{\"@context\":\"https:\/\/schema.org\",\"@graph\":[{\"@type\":\"WebPage\",\"@id\":\"https:\/\/intest.inapp.org\/atlantelavoro\/atlante-e-professioni\/per-saperne-di-piu-di-professioni-regolamentate\/\",\"url\":\"https:\/\/intest.inapp.org\/atlantelavoro\/atlante-e-professioni\/per-saperne-di-piu-di-professioni-regolamentate\/\",\"name\":\"Per saperne di pi\u00f9 di professioni regolamentate - Atlante Lavoro\",\"isPartOf\":{\"@id\":\"https:\/\/intest.inapp.org\/atlantelavoro\/#website\"},\"datePublished\":\"2024-11-18T14:41:50+00:00\",\"dateModified\":\"2024-11-18T14:41:50+00:00\",\"breadcrumb\":{\"@id\":\"https:\/\/intest.inapp.org\/atlantelavoro\/atlante-e-professioni\/per-saperne-di-piu-di-professioni-regolamentate\/#breadcrumb\"},\"inLanguage\":\"it-IT\",\"potentialAction\":[{\"@type\":\"ReadAction\",\"target\":[\"https:\/\/intest.inapp.org\/atlantelavoro\/atlante-e-professioni\/per-saperne-di-piu-di-professioni-regolamentate\/\"]}]},{\"@type\":\"BreadcrumbList\",\"@id\":\"https:\/\/intest.inapp.org\/atlantelavoro\/atlante-e-professioni\/per-saperne-di-piu-di-professioni-regolamentate\/#breadcrumb\",\"itemListElement\":[{\"@type\":\"ListItem\",\"position\":1,\"name\":\"Home\",\"item\":\"https:\/\/intest.inapp.org\/atlantelavoro\/\"},{\"@type\":\"ListItem\",\"position\":2,\"name\":\"Atlante e professioni\",\"item\":\"https:\/\/intest.inapp.org\/atlantelavoro\/atlante-e-professioni\/\"},{\"@type\":\"ListItem\",\"position\":3,\"name\":\"Per saperne di pi\u00f9 di professioni regolamentate\"}]},{\"@type\":\"WebSite\",\"@id\":\"https:\/\/intest.inapp.org\/atlantelavoro\/#website\",\"url\":\"https:\/\/intest.inapp.org\/atlantelavoro\/\",\"name\":\"Atlante Lavoro\",\"description\":\"\",\"potentialAction\":[{\"@type\":\"SearchAction\",\"target\":{\"@type\":\"EntryPoint\",\"urlTemplate\":\"https:\/\/intest.inapp.org\/atlantelavoro\/?s={search_term_string}\"},\"query-input\":\"required name=search_term_string\"}],\"inLanguage\":\"it-IT\"}]}<\/script>\n<!-- \/ Yoast SEO plugin. -->","yoast_head_json":{"title":"Per saperne di pi\u00f9 di professioni regolamentate - Atlante Lavoro","robots":{"index":"index","follow":"follow","max-snippet":"max-snippet:-1","max-image-preview":"max-image-preview:large","max-video-preview":"max-video-preview:-1"},"canonical":"https:\/\/intest.inapp.org\/atlantelavoro\/atlante-e-professioni\/per-saperne-di-piu-di-professioni-regolamentate\/","og_locale":"it_IT","og_type":"article","og_title":"Per saperne di pi\u00f9 di professioni regolamentate - Atlante Lavoro","og_description":"Nell\u2019 Atlante sono raccolte le professioni, la formazione e le attivit\u00e0 riservate, cos\u00ec come definite ai sensi del Decreto ministeriale 5 gennaio 2021 e navigabili in base alla referenziazione ai SEP. \u00c8 importante evidenziare che tale referenziazione non ha alcun effetto diretto sulle professioni, n\u00e9 in termini di contenuti, n\u00e9 sulla relazione diretta con le [&hellip;]","og_url":"https:\/\/intest.inapp.org\/atlantelavoro\/atlante-e-professioni\/per-saperne-di-piu-di-professioni-regolamentate\/","og_site_name":"Atlante Lavoro","og_image":[{"url":"https:\/\/ww7.inapp.org\/atlantelavoro\/wp-content\/uploads\/sites\/8\/2024\/12\/unnamed-scaled.jpg"}],"twitter_card":"summary_large_image","twitter_misc":{"Tempo di lettura stimato":"6 minuti"},"schema":{"@context":"https:\/\/schema.org","@graph":[{"@type":"WebPage","@id":"https:\/\/intest.inapp.org\/atlantelavoro\/atlante-e-professioni\/per-saperne-di-piu-di-professioni-regolamentate\/","url":"https:\/\/intest.inapp.org\/atlantelavoro\/atlante-e-professioni\/per-saperne-di-piu-di-professioni-regolamentate\/","name":"Per saperne di pi\u00f9 di professioni regolamentate - Atlante Lavoro","isPartOf":{"@id":"https:\/\/intest.inapp.org\/atlantelavoro\/#website"},"datePublished":"2024-11-18T14:41:50+00:00","dateModified":"2024-11-18T14:41:50+00:00","breadcrumb":{"@id":"https:\/\/intest.inapp.org\/atlantelavoro\/atlante-e-professioni\/per-saperne-di-piu-di-professioni-regolamentate\/#breadcrumb"},"inLanguage":"it-IT","potentialAction":[{"@type":"ReadAction","target":["https:\/\/intest.inapp.org\/atlantelavoro\/atlante-e-professioni\/per-saperne-di-piu-di-professioni-regolamentate\/"]}]},{"@type":"BreadcrumbList","@id":"https:\/\/intest.inapp.org\/atlantelavoro\/atlante-e-professioni\/per-saperne-di-piu-di-professioni-regolamentate\/#breadcrumb","itemListElement":[{"@type":"ListItem","position":1,"name":"Home","item":"https:\/\/intest.inapp.org\/atlantelavoro\/"},{"@type":"ListItem","position":2,"name":"Atlante e professioni","item":"https:\/\/intest.inapp.org\/atlantelavoro\/atlante-e-professioni\/"},{"@type":"ListItem","position":3,"name":"Per saperne di pi\u00f9 di professioni regolamentate"}]},{"@type":"WebSite","@id":"https:\/\/intest.inapp.org\/atlantelavoro\/#website","url":"https:\/\/intest.inapp.org\/atlantelavoro\/","name":"Atlante Lavoro","description":"","potentialAction":[{"@type":"SearchAction","target":{"@type":"EntryPoint","urlTemplate":"https:\/\/intest.inapp.org\/atlantelavoro\/?s={search_term_string}"},"query-input":"required name=search_term_string"}],"inLanguage":"it-IT"}]}},"_links":{"self":[{"href":"https:\/\/intest.inapp.org\/atlantelavoro\/wp-json\/wp\/v2\/pages\/421"}],"collection":[{"href":"https:\/\/intest.inapp.org\/atlantelavoro\/wp-json\/wp\/v2\/pages"}],"about":[{"href":"https:\/\/intest.inapp.org\/atlantelavoro\/wp-json\/wp\/v2\/types\/page"}],"author":[{"embeddable":true,"href":"https:\/\/intest.inapp.org\/atlantelavoro\/wp-json\/wp\/v2\/users\/1"}],"replies":[{"embeddable":true,"href":"https:\/\/intest.inapp.org\/atlantelavoro\/wp-json\/wp\/v2\/comments?post=421"}],"version-history":[{"count":0,"href":"https:\/\/intest.inapp.org\/atlantelavoro\/wp-json\/wp\/v2\/pages\/421\/revisions"}],"up":[{"embeddable":true,"href":"https:\/\/intest.inapp.org\/atlantelavoro\/wp-json\/wp\/v2\/pages\/54"}],"wp:attachment":[{"href":"https:\/\/intest.inapp.org\/atlantelavoro\/wp-json\/wp\/v2\/media?parent=421"}],"curies":[{"name":"wp","href":"https:\/\/api.w.org\/{rel}","templated":true}]}}