{"id":607,"date":"2024-12-03T16:25:23","date_gmt":"2024-12-03T15:25:23","guid":{"rendered":"https:\/\/ww7.inapp.org\/atlantelavoro\/?page_id=607"},"modified":"2024-12-03T16:25:23","modified_gmt":"2024-12-03T15:25:23","slug":"per-saperne-di-piu-sul-sistema-nazionale-di-certificazione-delle-competenze","status":"publish","type":"page","link":"https:\/\/intest.inapp.org\/atlantelavoro\/sistema-nazionale-di-certificazione-delle-competenze\/per-saperne-di-piu-sul-sistema-nazionale-di-certificazione-delle-competenze\/","title":{"rendered":"Per saperne di pi\u00f9 sul Sistema Nazionale di Certificazione delle Competenze"},"content":{"rendered":"\n<p>Il Sistema nazionale di certificazione delle competenze &#8211; istituito nel 2013 e messo a regime nel 2021 con l\u2019adozione delle Linee Guida per l\u2019interoperativit\u00e0 degli Enti pubblici titolari &#8211; attraverso il riconoscimento delle competenze comunque acquisite e dei crediti formativi mira a promuovere la crescita e la valorizzazione dell\u2019intero patrimonio culturale e professionale acquisito dalla persona nella sua storia di vita, di studio e di lavoro.<\/p>\n\n\n\n<p>Il Sistema riconosce pari dignit\u00e0 a tutti i contesti di apprendimento, siano essi<strong> formali, non formali e informali<\/strong>, ai quali viene attribuito pari valore di riconoscibilit\u00e0 pubblica sulla base di un sistema unitario di certificazione. I Servizi di individuazione, validazione e certificazione (IVC) delle competenze comunque acquisite si fondano sull&#8217;esplicita richiesta della persona e offrono a tutti i cittadini la garanzia dei principi di semplicit\u00e0, accessibilit\u00e0, trasparenza, oggettivit\u00e0, tracciabilit\u00e0, riservatezza del servizio, correttezza metodologica, completezza, equit\u00e0 e non discriminazione.\u00a0<\/p>\n\n\n\n<p>Alla verifica del rispetto dei livelli di servizio del Sistema nazionale di certificazione delle competenze, in conformit\u00e0 ai principi di terziet\u00e0 e indipendenza, provvede un <strong>Comitato tecnico nazionale<\/strong>, istituito con il decreto legislativo 16 gennaio 2013, n.13, presieduto dai rappresentanti del Ministero del lavoro e delle politiche sociali,&nbsp;del Ministero dell\u2019istruzione e del merito e del Ministero dell\u2019universit\u00e0 e della ricerca, composto dai rappresentanti del Ministro per la pubblica amministrazione, del Ministero delle imprese e del made in Italy,&nbsp; del Ministero dell\u2019economia e delle finanze e delle amministrazioni pubbliche, centrali, regionali e delle province autonome di Trento e di Bolzano in qualit\u00e0 di enti pubblici titolari.<\/p>\n\n\n\n<p>Tali enti nel regolamentare e organizzare i servizi ai sensi del D.lgs. 13\/2013, operano in modo autonomo secondo il principio di sussidiariet\u00e0 verticale e orizzontale e nel rispetto dell\u2019autonomia delle istituzioni scolastiche e delle universit\u00e0, organicamente nell\u2019ambito della cornice unitaria di coordinamento interistituzionale e nel dialogo con il partenariato economico e sociale. Gli enti pubblici titolari individuano, nei propri ambiti di competenza e nel rispetto degli standard minimi nazionali, i soggetti pubblici o privati titolati a validare e certificare le competenze su richiesta del cittadino.<\/p>\n\n\n\n<p>Il Decreto del Ministero del lavoro e delle politiche sociali, del 9 luglio 2024, n. 115, integra gli standard di sistema del SNCC con gli enti titolari delegati ed i rispettivi enti titolati, abilitati all\u2019erogazione dei servizi di IVC limitatamente ai rispettivi ambiti di competenza, e istituisce il Repertorio delle qualificazioni di titolarit\u00e0 del Ministero del lavoro e delle politiche sociali.<\/p>\n\n\n\n<p><a href=\"\/atlantelavoro\/normativa\/\"><span style=\"text-decoration: underline\">Normativa del Sistema nazionale di certificazione delle competenze<\/span><\/a><\/p>\n","protected":false},"excerpt":{"rendered":"<p>Il Sistema nazionale di certificazione delle competenze &#8211; istituito nel 2013 e messo a regime nel 2021 con l\u2019adozione delle Linee Guida per l\u2019interoperativit\u00e0 degli Enti pubblici titolari &#8211; attraverso il riconoscimento delle competenze comunque acquisite e dei crediti formativi mira a promuovere la crescita e la valorizzazione dell\u2019intero patrimonio culturale e professionale acquisito dalla [&hellip;]<\/p>\n","protected":false},"author":1,"featured_media":0,"parent":120,"menu_order":0,"comment_status":"closed","ping_status":"closed","template":"pagina-intera.php","meta":{"footnotes":""},"acf":[],"yoast_head":"<!-- This site is optimized with the Yoast SEO plugin v21.1 - https:\/\/yoast.com\/wordpress\/plugins\/seo\/ -->\n<title>Per saperne di pi\u00f9 sul Sistema Nazionale di Certificazione delle Competenze - Atlante Lavoro<\/title>\n<meta name=\"robots\" content=\"index, follow, max-snippet:-1, max-image-preview:large, max-video-preview:-1\" \/>\n<link rel=\"canonical\" href=\"https:\/\/intest.inapp.org\/atlantelavoro\/sistema-nazionale-di-certificazione-delle-competenze\/per-saperne-di-piu-sul-sistema-nazionale-di-certificazione-delle-competenze\/\" \/>\n<meta property=\"og:locale\" content=\"it_IT\" \/>\n<meta property=\"og:type\" content=\"article\" \/>\n<meta property=\"og:title\" content=\"Per saperne di pi\u00f9 sul Sistema Nazionale di Certificazione delle Competenze - Atlante Lavoro\" \/>\n<meta property=\"og:description\" content=\"Il Sistema nazionale di certificazione delle competenze &#8211; istituito nel 2013 e messo a regime nel 2021 con l\u2019adozione delle Linee Guida per l\u2019interoperativit\u00e0 degli Enti pubblici titolari &#8211; attraverso il riconoscimento delle competenze comunque acquisite e dei crediti formativi mira a promuovere la crescita e la valorizzazione dell\u2019intero patrimonio culturale e professionale acquisito dalla [&hellip;]\" \/>\n<meta property=\"og:url\" content=\"https:\/\/intest.inapp.org\/atlantelavoro\/sistema-nazionale-di-certificazione-delle-competenze\/per-saperne-di-piu-sul-sistema-nazionale-di-certificazione-delle-competenze\/\" \/>\n<meta property=\"og:site_name\" content=\"Atlante Lavoro\" \/>\n<meta name=\"twitter:card\" content=\"summary_large_image\" \/>\n<meta name=\"twitter:label1\" content=\"Tempo di lettura stimato\" \/>\n\t<meta name=\"twitter:data1\" content=\"3 minuti\" \/>\n<script type=\"application\/ld+json\" class=\"yoast-schema-graph\">{\"@context\":\"https:\/\/schema.org\",\"@graph\":[{\"@type\":\"WebPage\",\"@id\":\"https:\/\/intest.inapp.org\/atlantelavoro\/sistema-nazionale-di-certificazione-delle-competenze\/per-saperne-di-piu-sul-sistema-nazionale-di-certificazione-delle-competenze\/\",\"url\":\"https:\/\/intest.inapp.org\/atlantelavoro\/sistema-nazionale-di-certificazione-delle-competenze\/per-saperne-di-piu-sul-sistema-nazionale-di-certificazione-delle-competenze\/\",\"name\":\"Per saperne di pi\u00f9 sul Sistema Nazionale di Certificazione delle Competenze - Atlante Lavoro\",\"isPartOf\":{\"@id\":\"https:\/\/intest.inapp.org\/atlantelavoro\/#website\"},\"datePublished\":\"2024-12-03T15:25:23+00:00\",\"dateModified\":\"2024-12-03T15:25:23+00:00\",\"breadcrumb\":{\"@id\":\"https:\/\/intest.inapp.org\/atlantelavoro\/sistema-nazionale-di-certificazione-delle-competenze\/per-saperne-di-piu-sul-sistema-nazionale-di-certificazione-delle-competenze\/#breadcrumb\"},\"inLanguage\":\"it-IT\",\"potentialAction\":[{\"@type\":\"ReadAction\",\"target\":[\"https:\/\/intest.inapp.org\/atlantelavoro\/sistema-nazionale-di-certificazione-delle-competenze\/per-saperne-di-piu-sul-sistema-nazionale-di-certificazione-delle-competenze\/\"]}]},{\"@type\":\"BreadcrumbList\",\"@id\":\"https:\/\/intest.inapp.org\/atlantelavoro\/sistema-nazionale-di-certificazione-delle-competenze\/per-saperne-di-piu-sul-sistema-nazionale-di-certificazione-delle-competenze\/#breadcrumb\",\"itemListElement\":[{\"@type\":\"ListItem\",\"position\":1,\"name\":\"Home\",\"item\":\"https:\/\/intest.inapp.org\/atlantelavoro\/\"},{\"@type\":\"ListItem\",\"position\":2,\"name\":\"Sistema Nazionale di Certificazione delle Competenze\",\"item\":\"https:\/\/intest.inapp.org\/atlantelavoro\/sistema-nazionale-di-certificazione-delle-competenze\/\"},{\"@type\":\"ListItem\",\"position\":3,\"name\":\"Per saperne di pi\u00f9 sul Sistema Nazionale di Certificazione delle Competenze\"}]},{\"@type\":\"WebSite\",\"@id\":\"https:\/\/intest.inapp.org\/atlantelavoro\/#website\",\"url\":\"https:\/\/intest.inapp.org\/atlantelavoro\/\",\"name\":\"Atlante Lavoro\",\"description\":\"\",\"potentialAction\":[{\"@type\":\"SearchAction\",\"target\":{\"@type\":\"EntryPoint\",\"urlTemplate\":\"https:\/\/intest.inapp.org\/atlantelavoro\/?s={search_term_string}\"},\"query-input\":\"required name=search_term_string\"}],\"inLanguage\":\"it-IT\"}]}<\/script>\n<!-- \/ Yoast SEO plugin. -->","yoast_head_json":{"title":"Per saperne di pi\u00f9 sul Sistema Nazionale di Certificazione delle Competenze - Atlante Lavoro","robots":{"index":"index","follow":"follow","max-snippet":"max-snippet:-1","max-image-preview":"max-image-preview:large","max-video-preview":"max-video-preview:-1"},"canonical":"https:\/\/intest.inapp.org\/atlantelavoro\/sistema-nazionale-di-certificazione-delle-competenze\/per-saperne-di-piu-sul-sistema-nazionale-di-certificazione-delle-competenze\/","og_locale":"it_IT","og_type":"article","og_title":"Per saperne di pi\u00f9 sul Sistema Nazionale di Certificazione delle Competenze - Atlante Lavoro","og_description":"Il Sistema nazionale di certificazione delle competenze &#8211; istituito nel 2013 e messo a regime nel 2021 con l\u2019adozione delle Linee Guida per l\u2019interoperativit\u00e0 degli Enti pubblici titolari &#8211; attraverso il riconoscimento delle competenze comunque acquisite e dei crediti formativi mira a promuovere la crescita e la valorizzazione dell\u2019intero patrimonio culturale e professionale acquisito dalla [&hellip;]","og_url":"https:\/\/intest.inapp.org\/atlantelavoro\/sistema-nazionale-di-certificazione-delle-competenze\/per-saperne-di-piu-sul-sistema-nazionale-di-certificazione-delle-competenze\/","og_site_name":"Atlante Lavoro","twitter_card":"summary_large_image","twitter_misc":{"Tempo di lettura stimato":"3 minuti"},"schema":{"@context":"https:\/\/schema.org","@graph":[{"@type":"WebPage","@id":"https:\/\/intest.inapp.org\/atlantelavoro\/sistema-nazionale-di-certificazione-delle-competenze\/per-saperne-di-piu-sul-sistema-nazionale-di-certificazione-delle-competenze\/","url":"https:\/\/intest.inapp.org\/atlantelavoro\/sistema-nazionale-di-certificazione-delle-competenze\/per-saperne-di-piu-sul-sistema-nazionale-di-certificazione-delle-competenze\/","name":"Per saperne di pi\u00f9 sul Sistema Nazionale di Certificazione delle Competenze - Atlante Lavoro","isPartOf":{"@id":"https:\/\/intest.inapp.org\/atlantelavoro\/#website"},"datePublished":"2024-12-03T15:25:23+00:00","dateModified":"2024-12-03T15:25:23+00:00","breadcrumb":{"@id":"https:\/\/intest.inapp.org\/atlantelavoro\/sistema-nazionale-di-certificazione-delle-competenze\/per-saperne-di-piu-sul-sistema-nazionale-di-certificazione-delle-competenze\/#breadcrumb"},"inLanguage":"it-IT","potentialAction":[{"@type":"ReadAction","target":["https:\/\/intest.inapp.org\/atlantelavoro\/sistema-nazionale-di-certificazione-delle-competenze\/per-saperne-di-piu-sul-sistema-nazionale-di-certificazione-delle-competenze\/"]}]},{"@type":"BreadcrumbList","@id":"https:\/\/intest.inapp.org\/atlantelavoro\/sistema-nazionale-di-certificazione-delle-competenze\/per-saperne-di-piu-sul-sistema-nazionale-di-certificazione-delle-competenze\/#breadcrumb","itemListElement":[{"@type":"ListItem","position":1,"name":"Home","item":"https:\/\/intest.inapp.org\/atlantelavoro\/"},{"@type":"ListItem","position":2,"name":"Sistema Nazionale di Certificazione delle Competenze","item":"https:\/\/intest.inapp.org\/atlantelavoro\/sistema-nazionale-di-certificazione-delle-competenze\/"},{"@type":"ListItem","position":3,"name":"Per saperne di pi\u00f9 sul Sistema Nazionale di Certificazione delle Competenze"}]},{"@type":"WebSite","@id":"https:\/\/intest.inapp.org\/atlantelavoro\/#website","url":"https:\/\/intest.inapp.org\/atlantelavoro\/","name":"Atlante Lavoro","description":"","potentialAction":[{"@type":"SearchAction","target":{"@type":"EntryPoint","urlTemplate":"https:\/\/intest.inapp.org\/atlantelavoro\/?s={search_term_string}"},"query-input":"required name=search_term_string"}],"inLanguage":"it-IT"}]}},"_links":{"self":[{"href":"https:\/\/intest.inapp.org\/atlantelavoro\/wp-json\/wp\/v2\/pages\/607"}],"collection":[{"href":"https:\/\/intest.inapp.org\/atlantelavoro\/wp-json\/wp\/v2\/pages"}],"about":[{"href":"https:\/\/intest.inapp.org\/atlantelavoro\/wp-json\/wp\/v2\/types\/page"}],"author":[{"embeddable":true,"href":"https:\/\/intest.inapp.org\/atlantelavoro\/wp-json\/wp\/v2\/users\/1"}],"replies":[{"embeddable":true,"href":"https:\/\/intest.inapp.org\/atlantelavoro\/wp-json\/wp\/v2\/comments?post=607"}],"version-history":[{"count":0,"href":"https:\/\/intest.inapp.org\/atlantelavoro\/wp-json\/wp\/v2\/pages\/607\/revisions"}],"up":[{"embeddable":true,"href":"https:\/\/intest.inapp.org\/atlantelavoro\/wp-json\/wp\/v2\/pages\/120"}],"wp:attachment":[{"href":"https:\/\/intest.inapp.org\/atlantelavoro\/wp-json\/wp\/v2\/media?parent=607"}],"curies":[{"name":"wp","href":"https:\/\/api.w.org\/{rel}","templated":true}]}}