{"id":238,"date":"2022-02-24T17:15:16","date_gmt":"2022-02-24T17:15:16","guid":{"rendered":"https:\/\/www.inapptest.it\/wordpress\/professioni-fabbisogni\/?page_id=238"},"modified":"2023-03-13T21:52:05","modified_gmt":"2023-03-13T20:52:05","slug":"sistema-informativo-sulle-professioni","status":"publish","type":"page","link":"https:\/\/intest.inapp.org\/professioni\/sistema-informativo-sulle-professioni\/","title":{"rendered":"Sistema informativo sulle professioni"},"content":{"rendered":"<p><img loading=\"lazy\" decoding=\"async\" class=\"size-full wp-image-562 aligncenter\" src=\"https:\/\/www.inapp.gov.it\/professioni\/wp-content\/uploads\/sites\/3\/2023\/01\/workers_it.gif\" alt=\"\" width=\"768\" height=\"136\" \/><\/p>\n<p><span style=\"font-size: revert;\">Il Sistema Informativo Professioni \u00e8 un progetto nato dalla collaborazione tra l\u2019INAPP e l\u2019ISTAT. Si tratta di un sistema di Labour Market Intelligence (LMI), concepito attraverso la logica LOD (Linked Open Data), che raccorda tra loro i dati sulle professioni prodotti dalle istituzioni centrali e locali. L\u2019ontologia utilizzata per rappresentare e disseminare i dati \u00e8 la Classificazione delle Professioni (CP2011), una tassonomia basata sugli standard internazionali definiti dall\u2019International Labour Organization. La disseminazione dei dati avviene attraverso uno script (widget) parametrizzato, che permette agli utenti del sistema di consultare tutte le informazioni presenti, a partire da ciascun nodo. Le informazioni solitamente sono rese disponibili al V digit della CP2011, tuttavia, nei casi in cui l\u2019affidabilit\u00e0 dei dati non \u00e8 garantita per livelli di dettaglio cos\u00ec elevati, \u00e8 possibile trovare informazioni raggruppate al livello superiore (IV).<\/span><\/p>\n<p><main id=\"main\" role=\"main\">Nel corso degli anni, la maggior parte delle istituzioni centrali hanno aderito al Sistema Informativo Professioni. Attualmente, le amministrazioni che aderenti sono l\u2019INAPP, l\u2019ISTAT, l\u2019INAIL, l\u2019INPS, UNIONCAMERE, il MIUR, il Ministero del Lavoro, il MEF e il Dipartimento per la Funzione Pubblica. Tra gli enti locali sono presenti la Regione Liguria e la Regione Veneto. \u00c8 infine istituito un tavolo per l\u2019adesione della Rete delle Professioni Tecniche, che raggruppa numerosi albi professionali.<\/p>\n<p>La base del Sistema Informativo Professioni ha una natura filosofica: condividere la conoscenza per fornire un servizio alla collettivit\u00e0. In questo senso, il Sistema Informativo Professioni rappresenta un\u2019eccellenza europea in termini di copperazione applicativa e collaborazioni istituzionali.<\/p>\n<p>Due sono gli aspetti di fondo che caratterizzano l\u2019intero Sistema informativo sulle professioni:<\/p>\n<ul>\n<li>le informazioni rilasciate dal sistema risiedono e sono raggiunte sui siti web di chi le produce, lasciando, in questo modo, inalterata la visibilit\u00e0 e la responsabilit\u00e0 del soggetto che ne \u00e8 titolare<\/li>\n<li>questi stessi siti, poi, costituiscono, o possono costituire, altrettante porte d\u2019accesso al sistema informativo nel suo complesso.<\/li>\n<\/ul>\n<p>Il significato di un dato pu\u00f2 assumere un valore diverso, qualora venga accostato ad altri dati. In questo modo, un utente pu\u00f2 creare percorsi di navigazione differenziati, sulla base delle proprie esigenze. Il Sistema Informativo Professioni pu\u00f2 essere utilizzato per l\u2019orientamento (scolastico e lavorativo), per l\u2019incontro domanda\/offerta di lavoro, per la formazione, per la ricerca o per i fini dei centri per l\u2019impiego.<\/p>\n<p><\/main><\/p>\n<section data-id=\"4ebede3\" data-element_type=\"section\">\u00a0<\/section>\n","protected":false},"excerpt":{"rendered":"<p>Il Sistema Informativo Professioni \u00e8 un progetto nato dalla collaborazione tra l\u2019INAPP e l\u2019ISTAT. Si tratta di un sistema di Labour Market Intelligence (LMI), concepito attraverso la logica LOD (Linked Open Data), che raccorda tra loro i dati sulle professioni prodotti dalle istituzioni centrali e locali. L\u2019ontologia utilizzata per rappresentare e disseminare i dati \u00e8 [&hellip;]<\/p>\n","protected":false},"author":1,"featured_media":0,"parent":0,"menu_order":0,"comment_status":"closed","ping_status":"closed","template":"","meta":{"footnotes":""},"acf":[],"yoast_head":"<!-- This site is optimized with the Yoast SEO plugin v21.1 - https:\/\/yoast.com\/wordpress\/plugins\/seo\/ -->\n<title>Sistema informativo sulle professioni - Professioni<\/title>\n<meta name=\"robots\" content=\"index, follow, max-snippet:-1, max-image-preview:large, max-video-preview:-1\" \/>\n<link rel=\"canonical\" href=\"https:\/\/intest.inapp.org\/professioni\/sistema-informativo-sulle-professioni\/\" \/>\n<meta property=\"og:locale\" content=\"it_IT\" \/>\n<meta property=\"og:type\" content=\"article\" \/>\n<meta property=\"og:title\" content=\"Sistema informativo sulle professioni - Professioni\" \/>\n<meta property=\"og:description\" content=\"Il Sistema Informativo Professioni \u00e8 un progetto nato dalla collaborazione tra l\u2019INAPP e l\u2019ISTAT. Si tratta di un sistema di Labour Market Intelligence (LMI), concepito attraverso la logica LOD (Linked Open Data), che raccorda tra loro i dati sulle professioni prodotti dalle istituzioni centrali e locali. L\u2019ontologia utilizzata per rappresentare e disseminare i dati \u00e8 [&hellip;]\" \/>\n<meta property=\"og:url\" content=\"https:\/\/intest.inapp.org\/professioni\/sistema-informativo-sulle-professioni\/\" \/>\n<meta property=\"og:site_name\" content=\"Professioni\" \/>\n<meta property=\"article:modified_time\" content=\"2023-03-13T20:52:05+00:00\" \/>\n<meta property=\"og:image\" content=\"https:\/\/www.inapp.gov.it\/professioni\/wp-content\/uploads\/sites\/3\/2023\/01\/workers_it.gif\" \/>\n<meta name=\"twitter:card\" content=\"summary_large_image\" \/>\n<meta name=\"twitter:label1\" content=\"Tempo di lettura stimato\" \/>\n\t<meta name=\"twitter:data1\" content=\"3 minuti\" \/>\n<script type=\"application\/ld+json\" class=\"yoast-schema-graph\">{\"@context\":\"https:\/\/schema.org\",\"@graph\":[{\"@type\":\"WebPage\",\"@id\":\"https:\/\/intest.inapp.org\/professioni\/sistema-informativo-sulle-professioni\/\",\"url\":\"https:\/\/intest.inapp.org\/professioni\/sistema-informativo-sulle-professioni\/\",\"name\":\"Sistema informativo sulle professioni - Professioni\",\"isPartOf\":{\"@id\":\"https:\/\/intest.inapp.org\/professioni\/#website\"},\"datePublished\":\"2022-02-24T17:15:16+00:00\",\"dateModified\":\"2023-03-13T20:52:05+00:00\",\"breadcrumb\":{\"@id\":\"https:\/\/intest.inapp.org\/professioni\/sistema-informativo-sulle-professioni\/#breadcrumb\"},\"inLanguage\":\"it-IT\",\"potentialAction\":[{\"@type\":\"ReadAction\",\"target\":[\"https:\/\/intest.inapp.org\/professioni\/sistema-informativo-sulle-professioni\/\"]}]},{\"@type\":\"BreadcrumbList\",\"@id\":\"https:\/\/intest.inapp.org\/professioni\/sistema-informativo-sulle-professioni\/#breadcrumb\",\"itemListElement\":[{\"@type\":\"ListItem\",\"position\":1,\"name\":\"Home\",\"item\":\"https:\/\/intest.inapp.org\/professioni\/\"},{\"@type\":\"ListItem\",\"position\":2,\"name\":\"Sistema informativo sulle professioni\"}]},{\"@type\":\"WebSite\",\"@id\":\"https:\/\/intest.inapp.org\/professioni\/#website\",\"url\":\"https:\/\/intest.inapp.org\/professioni\/\",\"name\":\"Professioni\",\"description\":\"Ecco un altro sito INAPP siti\",\"publisher\":{\"@id\":\"https:\/\/intest.inapp.org\/professioni\/#organization\"},\"potentialAction\":[{\"@type\":\"SearchAction\",\"target\":{\"@type\":\"EntryPoint\",\"urlTemplate\":\"https:\/\/intest.inapp.org\/professioni\/?s={search_term_string}\"},\"query-input\":\"required name=search_term_string\"}],\"inLanguage\":\"it-IT\"},{\"@type\":\"Organization\",\"@id\":\"https:\/\/intest.inapp.org\/professioni\/#organization\",\"name\":\"Professioni\",\"url\":\"https:\/\/intest.inapp.org\/professioni\/\",\"logo\":{\"@type\":\"ImageObject\",\"inLanguage\":\"it-IT\",\"@id\":\"https:\/\/intest.inapp.org\/professioni\/#\/schema\/logo\/image\/\",\"url\":\"https:\/\/intest.inapp.org\/professioni\/wp-content\/uploads\/sites\/3\/2022\/01\/logo-professioni-1.png\",\"contentUrl\":\"https:\/\/intest.inapp.org\/professioni\/wp-content\/uploads\/sites\/3\/2022\/01\/logo-professioni-1.png\",\"width\":1879,\"height\":188,\"caption\":\"Professioni\"},\"image\":{\"@id\":\"https:\/\/intest.inapp.org\/professioni\/#\/schema\/logo\/image\/\"}}]}<\/script>\n<!-- \/ Yoast SEO plugin. -->","yoast_head_json":{"title":"Sistema informativo sulle professioni - Professioni","robots":{"index":"index","follow":"follow","max-snippet":"max-snippet:-1","max-image-preview":"max-image-preview:large","max-video-preview":"max-video-preview:-1"},"canonical":"https:\/\/intest.inapp.org\/professioni\/sistema-informativo-sulle-professioni\/","og_locale":"it_IT","og_type":"article","og_title":"Sistema informativo sulle professioni - Professioni","og_description":"Il Sistema Informativo Professioni \u00e8 un progetto nato dalla collaborazione tra l\u2019INAPP e l\u2019ISTAT. Si tratta di un sistema di Labour Market Intelligence (LMI), concepito attraverso la logica LOD (Linked Open Data), che raccorda tra loro i dati sulle professioni prodotti dalle istituzioni centrali e locali. L\u2019ontologia utilizzata per rappresentare e disseminare i dati \u00e8 [&hellip;]","og_url":"https:\/\/intest.inapp.org\/professioni\/sistema-informativo-sulle-professioni\/","og_site_name":"Professioni","article_modified_time":"2023-03-13T20:52:05+00:00","og_image":[{"url":"https:\/\/www.inapp.gov.it\/professioni\/wp-content\/uploads\/sites\/3\/2023\/01\/workers_it.gif"}],"twitter_card":"summary_large_image","twitter_misc":{"Tempo di lettura stimato":"3 minuti"},"schema":{"@context":"https:\/\/schema.org","@graph":[{"@type":"WebPage","@id":"https:\/\/intest.inapp.org\/professioni\/sistema-informativo-sulle-professioni\/","url":"https:\/\/intest.inapp.org\/professioni\/sistema-informativo-sulle-professioni\/","name":"Sistema informativo sulle professioni - Professioni","isPartOf":{"@id":"https:\/\/intest.inapp.org\/professioni\/#website"},"datePublished":"2022-02-24T17:15:16+00:00","dateModified":"2023-03-13T20:52:05+00:00","breadcrumb":{"@id":"https:\/\/intest.inapp.org\/professioni\/sistema-informativo-sulle-professioni\/#breadcrumb"},"inLanguage":"it-IT","potentialAction":[{"@type":"ReadAction","target":["https:\/\/intest.inapp.org\/professioni\/sistema-informativo-sulle-professioni\/"]}]},{"@type":"BreadcrumbList","@id":"https:\/\/intest.inapp.org\/professioni\/sistema-informativo-sulle-professioni\/#breadcrumb","itemListElement":[{"@type":"ListItem","position":1,"name":"Home","item":"https:\/\/intest.inapp.org\/professioni\/"},{"@type":"ListItem","position":2,"name":"Sistema informativo sulle professioni"}]},{"@type":"WebSite","@id":"https:\/\/intest.inapp.org\/professioni\/#website","url":"https:\/\/intest.inapp.org\/professioni\/","name":"Professioni","description":"Ecco un altro sito INAPP siti","publisher":{"@id":"https:\/\/intest.inapp.org\/professioni\/#organization"},"potentialAction":[{"@type":"SearchAction","target":{"@type":"EntryPoint","urlTemplate":"https:\/\/intest.inapp.org\/professioni\/?s={search_term_string}"},"query-input":"required name=search_term_string"}],"inLanguage":"it-IT"},{"@type":"Organization","@id":"https:\/\/intest.inapp.org\/professioni\/#organization","name":"Professioni","url":"https:\/\/intest.inapp.org\/professioni\/","logo":{"@type":"ImageObject","inLanguage":"it-IT","@id":"https:\/\/intest.inapp.org\/professioni\/#\/schema\/logo\/image\/","url":"https:\/\/intest.inapp.org\/professioni\/wp-content\/uploads\/sites\/3\/2022\/01\/logo-professioni-1.png","contentUrl":"https:\/\/intest.inapp.org\/professioni\/wp-content\/uploads\/sites\/3\/2022\/01\/logo-professioni-1.png","width":1879,"height":188,"caption":"Professioni"},"image":{"@id":"https:\/\/intest.inapp.org\/professioni\/#\/schema\/logo\/image\/"}}]}},"_links":{"self":[{"href":"https:\/\/intest.inapp.org\/professioni\/wp-json\/wp\/v2\/pages\/238"}],"collection":[{"href":"https:\/\/intest.inapp.org\/professioni\/wp-json\/wp\/v2\/pages"}],"about":[{"href":"https:\/\/intest.inapp.org\/professioni\/wp-json\/wp\/v2\/types\/page"}],"author":[{"embeddable":true,"href":"https:\/\/intest.inapp.org\/professioni\/wp-json\/wp\/v2\/users\/1"}],"replies":[{"embeddable":true,"href":"https:\/\/intest.inapp.org\/professioni\/wp-json\/wp\/v2\/comments?post=238"}],"version-history":[{"count":2,"href":"https:\/\/intest.inapp.org\/professioni\/wp-json\/wp\/v2\/pages\/238\/revisions"}],"predecessor-version":[{"id":584,"href":"https:\/\/intest.inapp.org\/professioni\/wp-json\/wp\/v2\/pages\/238\/revisions\/584"}],"wp:attachment":[{"href":"https:\/\/intest.inapp.org\/professioni\/wp-json\/wp\/v2\/media?parent=238"}],"curies":[{"name":"wp","href":"https:\/\/api.w.org\/{rel}","templated":true}]}}